{"id":2387,"date":"2025-04-23T09:09:11","date_gmt":"2025-04-23T07:09:11","guid":{"rendered":"https:\/\/bewi.com.pl\/certyfikaty\/"},"modified":"2025-11-05T09:45:09","modified_gmt":"2025-11-05T08:45:09","slug":"zertifikate","status":"publish","type":"page","link":"https:\/\/bewi.com.pl\/de\/zertifikate\/","title":{"rendered":"Zertifikate"},"content":{"rendered":"\n<section class=\"big-hero wp-block-uniquedevs-big-hero\">\n    <div class=\"big-hero__wrapper\">\n        <div class=\"big-hero__wrapper-text\">\n            <div class=\"big-hero__wrapper-text-breadcrumb\">\n                <ul class=\"breadcrumbs\"><li class=\"breadcrumbs__item\"><a href=\"https:\/\/bewi.com.pl\/de\/\" class=\"breadcrumbs__link\">Startseite<\/a><\/li><li class=\"breadcrumbs__separator\"> \/ <\/li><\/ul>            <\/div>\n            <div class=\"big-hero__wrapper-text-wrapper\">\n                <div class=\"big-hero__wrapper-text-title\">\n                    Die Qualit\u00e4t, die Sie erwarten                <\/div>\n                <div class=\"big-hero__wrapper-text-description\">\n                    Wir sind Spezialisten in dem, was wir tun. Arbeiten Sie mit uns zusammen.                <\/div>\n                <div class=\"big-hero__wrapper-text-buttons\">\n                                            <a href=\"https:\/\/bewi.com.pl\/de\/kontakt\/\" class=\"big-hero__wrapper-text-buttons-item\">\n                                                        f\u00fcr Unternehmen                                                            <img decoding=\"async\" class=\"icon\" src=\"https:\/\/bewi.com.pl\/wp-content\/uploads\/2025\/05\/white-arrow-right.svg\" alt=\"\" \/>\n                                                    <\/a>\n                                            <a href=\"https:\/\/bewi.com.pl\/de\/fuer-haendler\/\" class=\"big-hero__wrapper-text-buttons-item\">\n                                                        f\u00fcr H\u00e4ndler                                                            <img decoding=\"async\" class=\"icon\" src=\"https:\/\/bewi.com.pl\/wp-content\/uploads\/2025\/05\/triangle-right.svg\" alt=\"\" \/>\n                                                    <\/a>\n                                    <\/div>\n            <\/div>\n        <\/div>\n        <div class=\"big-hero__wrapper-image\">\n            <div class=\"big-hero__wrapper-image-box\">\n                                    <img decoding=\"async\" src=\"https:\/\/bewi.com.pl\/wp-content\/uploads\/2025\/05\/b1b03fd37b6f9776246a940fc2eb3d7670a7d66d.webp\" alt=\"\" \/>\n                            <\/div>\n            <div class=\"big-hero__wrapper-image-shape\">\n                <svg xmlns=\"http:\/\/www.w3.org\/2000\/svg\" width=\"210\" height=\"105\" viewBox=\"0 0 210 105\" fill=\"none\">\n                    <path d=\"M210 105C210 47.0101 162.99 -4.10975e-06 105 -9.17939e-06C47.0101 -1.4249e-05 5.06964e-06 47.0101 0 105L210 105Z\" fill=\"#B12428\" \/>\n                <\/svg>\n            <\/div>\n        <\/div>\n    <\/div>\n<\/section>\n\n\n<section class=\"logo-with-text wp-block-uniquedevs-logo-with-text\">\n    <div class=\"logo-with-text__wrapper\">\n        <div class=\"logo-with-text__wrapper-logo\">\n                            <img decoding=\"async\" src=\"https:\/\/bewi.com.pl\/wp-content\/uploads\/2025\/05\/bewi-logo.svg\" alt=\"\">\n                    <\/div>\n        <div class=\"logo-with-text__wrapper-description\">\n            <div class=\"logo-with-text__wrapper-description-content\">\n                Bewi ist autorisierter Vertreter solcher Marken wie <strong>K\u00f6mmerling und Winkhaus<\/strong>, <strong>Somfy, Yawal, Procular, Hoppe, BeClever, Aluprof, G-U, Isotra. <\/strong>Die von uns angebotenen Produkte zeichnen sich durch \u00fcberdurchschnittliche Qualit\u00e4t aus, die wir dank unserer langj\u00e4hrigen Marktpr\u00e4senz und Erfahrung bieten k\u00f6nnen.            <\/div>\n        <\/div>\n    <\/div>\n<\/section>\n\n\n\n<section class=\"certificate-title wp-block-uniquedevs-certificate-title\">\n    <div class=\"certificate-title__wrapper\">\n        <div class=\"certificate-title__wrapper-left\">\n            <div class=\"certificate-title__wrapper-left-image\">\n                                    <img decoding=\"async\" src=\"https:\/\/bewi.com.pl\/wp-content\/uploads\/2025\/05\/bc0f62779dc65cd058129ce75d34aff1d3afed0a.webp\" alt=\"\">\n                                <div class=\"certificate-title__wrapper-left-image-certificate\">\n                                            <img decoding=\"async\" src=\"https:\/\/bewi.com.pl\/wp-content\/uploads\/2025\/11\/profine.webp\" alt=\"\">\n                                    <\/div>\n            <\/div>\n        <\/div>\n        <div class=\"certificate-title__wrapper-right\">\n            <div class=\"certificate-title__wrapper-right-title\">\n                Zertifikat            <\/div>\n            <div class=\"certificate-title__wrapper-right-description\">\n                Die Firma BEWI BERNARD W\u00d3JCIK ist ein autorisierter Hersteller von PVC- und K\u00f6mmerling-Fenstern und -T\u00fcren der deutschen Firma PROFINE.            <\/div>\n        <\/div>\n    <\/div>\n<\/section>\n\n\n\n<section class=\"certificates wp-block-uniquedevs-certificates\">\n    <div class=\"certificates__wrapper\">\n        <div class=\"certificates__wrapper-title\">\n            Klicken Sie auf ein beliebiges Zertifikat, um es zu vergr\u00f6\u00dfern.        <\/div>\n        <div class=\"certificates__wrapper-items\">\n                            <a href=\"https:\/\/bewi.com.pl\/wp-content\/uploads\/2025\/08\/PONZIO-PE78EI-drzwi-p.poz_.-dym.-ZdC-1853-2-EI60S-21-07-2023-druk-sig-wyd.1.pdf\" class=\"certificates__wrapper-items-item\" target=\"_blank\">\n                                            <img decoding=\"async\" src=\"https:\/\/bewi.com.pl\/wp-content\/uploads\/2025\/08\/PONZIO-PE78EI-drzwi-p.poz_.-dym.-ZdC-1853-2-EI60S-21-07-2023-druk-sig-wyd.1.webp\" alt=\"\">\n                                    <\/a>\n                            <a href=\"https:\/\/bewi.com.pl\/wp-content\/uploads\/2025\/08\/Swiadectwo_autoryzacji_BEWI_PL.pdf\" class=\"certificates__wrapper-items-item\" target=\"_blank\">\n                                            <img decoding=\"async\" src=\"https:\/\/bewi.com.pl\/wp-content\/uploads\/2025\/08\/Swiadectwo_autoryzacji_BEWI_PL.webp\" alt=\"\">\n                                    <\/a>\n                            <a href=\"https:\/\/bewi.com.pl\/wp-content\/uploads\/2025\/08\/PONZIO-PE78EI-drzwi-p.poz_.-dym.-ZdC-1853-1-EI30S-21-07-2023-druk-sig-wyd.1.pdf\" class=\"certificates__wrapper-items-item\" target=\"_blank\">\n                                            <img decoding=\"async\" src=\"https:\/\/bewi.com.pl\/wp-content\/uploads\/2025\/08\/PONZIO-PE78EI-drzwi-p.poz_.-dym.-ZdC-1853-1-EI30S-21-07-2023-druk-sig-wyd.1.webp\" alt=\"\">\n                                    <\/a>\n                            <a href=\"https:\/\/bewi.com.pl\/wp-content\/uploads\/2025\/08\/PONZIO-PE78EI-drzwi-dym.-Zdc-1612-S-23-11-2023-druk-sig-wyd.2.pdf\" class=\"certificates__wrapper-items-item\" target=\"_blank\">\n                                            <img decoding=\"async\" src=\"https:\/\/bewi.com.pl\/wp-content\/uploads\/2025\/08\/PONZIO-PE78EI-drzwi-dym.-Zdc-1612-S-23-11-2023-druk-sig-wyd.2.webp\" alt=\"\">\n                                    <\/a>\n                            <a href=\"https:\/\/bewi.com.pl\/wp-content\/uploads\/2025\/08\/PONZIO-PE-78EI-okno-rozwierno-uchylne-EI30-ZdC-491-PONZIO-2018-4-K-5-21-07-2023-druk-sig-wyd.5.pdf\" class=\"certificates__wrapper-items-item\" target=\"_blank\">\n                                            <img decoding=\"async\" src=\"https:\/\/bewi.com.pl\/wp-content\/uploads\/2025\/08\/PONZIO-PE-78EI-okno-rozwierno-uchylne-EI30-ZdC-491-PONZIO-2018-4-K-5-21-07-2023-druk-sig-wyd.5.webp\" alt=\"\">\n                                    <\/a>\n                            <a href=\"https:\/\/bewi.com.pl\/wp-content\/uploads\/2025\/08\/PONZIO-PE-50-dymy-RK-902-27-05-2024-druk-sig-wyd.1.pdf\" class=\"certificates__wrapper-items-item\" target=\"_blank\">\n                                            <img decoding=\"async\" src=\"https:\/\/bewi.com.pl\/wp-content\/uploads\/2025\/08\/PONZIO-PE-50-dymy-RK-902-27-05-2024-druk-sig-wyd.1.webp\" alt=\"\">\n                                    <\/a>\n                            <a href=\"https:\/\/bewi.com.pl\/wp-content\/uploads\/2025\/08\/BEWI-W4528-25-04-22025.pdf\" class=\"certificates__wrapper-items-item\" target=\"_blank\">\n                                            <img decoding=\"async\" src=\"https:\/\/bewi.com.pl\/wp-content\/uploads\/2025\/08\/BEWI-W4528-25-04-22025.webp\" alt=\"\">\n                                    <\/a>\n                            <a href=\"https:\/\/bewi.com.pl\/wp-content\/uploads\/2025\/08\/BEWI-W4527-25-04-22025.pdf\" class=\"certificates__wrapper-items-item\" target=\"_blank\">\n                                            <img decoding=\"async\" src=\"https:\/\/bewi.com.pl\/wp-content\/uploads\/2025\/08\/BEWI-W4527-25-04-22025.webp\" alt=\"\">\n                                    <\/a>\n                            <a href=\"https:\/\/bewi.com.pl\/wp-content\/uploads\/2025\/08\/BEWI-W4526-25-04-22025.pdf\" class=\"certificates__wrapper-items-item\" target=\"_blank\">\n                                            <img decoding=\"async\" src=\"https:\/\/bewi.com.pl\/wp-content\/uploads\/2025\/08\/BEWI-W4526-25-04-22025.jpg\" alt=\"\">\n                                    <\/a>\n                            <a href=\"https:\/\/bewi.com.pl\/wp-content\/uploads\/2025\/05\/cert-27.pdf\" class=\"certificates__wrapper-items-item\" target=\"_blank\">\n                                            <img decoding=\"async\" src=\"https:\/\/bewi.com.pl\/wp-content\/uploads\/2025\/05\/cert-27.webp\" alt=\"\">\n                                    <\/a>\n                    <\/div>\n\n                    <div class=\"certificates__pagination\">\n                <span aria-current=\"page\" class=\"page-numbers current\">1<\/span>\n<a class=\"page-numbers\" href=\"\/de\/wp-json\/wp\/v2\/pages\/2387?cert_paged=2\">2<\/a>\n<a class=\"page-numbers\" href=\"\/de\/wp-json\/wp\/v2\/pages\/2387?cert_paged=3\">3<\/a>\n<a class=\"next page-numbers\" href=\"\/de\/wp-json\/wp\/v2\/pages\/2387?cert_paged=2\"><svg xmlns=\"http:\/\/www.w3.org\/2000\/svg\" width=\"17\" height=\"15\" viewBox=\"0 0 17 15\" fill=\"none\">\n                                    <path d=\"M15.75 7.72583L0.75 7.72583\" stroke=\"black\" stroke-width=\"1.5\" stroke-linecap=\"round\" stroke-linejoin=\"round\"\/>\n                                    <path d=\"M9.7002 1.70149L15.7502 7.72549L9.7002 13.7505\" stroke=\"black\" stroke-width=\"1.5\" stroke-linecap=\"round\" stroke-linejoin=\"round\"\/>\n                                    <\/svg><\/a>            <\/div>\n            <\/div>\n<\/section>","protected":false},"excerpt":{"rendered":"","protected":false},"author":1,"featured_media":0,"parent":0,"menu_order":0,"comment_status":"closed","ping_status":"closed","template":"","meta":{"_acf_changed":false,"footnotes":""},"class_list":["post-2387","page","type-page","status-publish","hentry"],"acf":[],"_links":{"self":[{"href":"https:\/\/bewi.com.pl\/de\/wp-json\/wp\/v2\/pages\/2387","targetHints":{"allow":["GET"]}}],"collection":[{"href":"https:\/\/bewi.com.pl\/de\/wp-json\/wp\/v2\/pages"}],"about":[{"href":"https:\/\/bewi.com.pl\/de\/wp-json\/wp\/v2\/types\/page"}],"author":[{"embeddable":true,"href":"https:\/\/bewi.com.pl\/de\/wp-json\/wp\/v2\/users\/1"}],"replies":[{"embeddable":true,"href":"https:\/\/bewi.com.pl\/de\/wp-json\/wp\/v2\/comments?post=2387"}],"version-history":[{"count":6,"href":"https:\/\/bewi.com.pl\/de\/wp-json\/wp\/v2\/pages\/2387\/revisions"}],"predecessor-version":[{"id":3238,"href":"https:\/\/bewi.com.pl\/de\/wp-json\/wp\/v2\/pages\/2387\/revisions\/3238"}],"wp:attachment":[{"href":"https:\/\/bewi.com.pl\/de\/wp-json\/wp\/v2\/media?parent=2387"}],"curies":[{"name":"wp","href":"https:\/\/api.w.org\/{rel}","templated":true}]}}