{"id":2400,"date":"2025-04-23T09:09:22","date_gmt":"2025-04-23T07:09:22","guid":{"rendered":"https:\/\/bewi.com.pl\/dla-dystrybutorow\/"},"modified":"2025-08-21T13:23:50","modified_gmt":"2025-08-21T11:23:50","slug":"fuer-haendler","status":"publish","type":"page","link":"https:\/\/bewi.com.pl\/de\/fuer-haendler\/","title":{"rendered":"F\u00fcr H\u00e4ndler"},"content":{"rendered":"\n<section class=\"section-title-red dark-theme wp-block-uniquedevs-section-title-red\" style=\"background-image: url(https:\/\/bewi.com.pl\/wp-content\/uploads\/2025\/05\/Haustuer-76-AluClip-einflueglig-1.webp);\" >\n    <div class=\"section-title-red__wrapper\">\n        <div class=\"section-title-red__wrapper-breadcrumb\">\n            <ul class=\"breadcrumbs\"><li class=\"breadcrumbs__item\"><a href=\"https:\/\/bewi.com.pl\/de\/\" class=\"breadcrumbs__link\">Startseite<\/a><\/li><li class=\"breadcrumbs__separator\"> \/ <\/li><\/ul>        <\/div>\n        <div class=\"section-title-red__wrapper-bottom\">\n                            <h2 class=\"section-title-red__wrapper-bottom-title\">\n                    Werden Sie<br><strong>Teil von BEWI<\/strong>                <\/h2>\n                        <div class=\"section-title-red__wrapper-bottom-image\">\n                                    <img decoding=\"async\" src=\"https:\/\/bewi.com.pl\/wp-content\/uploads\/2025\/07\/4a57ddad3ef5bcbfa060d15b1949d071d6db367b.webp\" \/>\n                    <div class=\"section-title-red__wrapper-bottom-image-shape\">\n                        <svg xmlns=\"http:\/\/www.w3.org\/2000\/svg\" width=\"190\" height=\"88\" viewBox=\"0 0 190 88\" fill=\"none\">\n                            <path d=\"M190 95C190 42.533 147.467 1.15404e-05 95 6.95363e-06C42.533 2.36682e-06 -1.0672e-05 42.5329 -1.52588e-05 95L190 95Z\" fill=\"#2D2D2D\" \/>\n                        <\/svg>\n                    <\/div>\n                                                    <h2 class=\"section-title-red__wrapper-bottom-image-title\">\n                        Werden Sie unser<br>Vertriebspartner                    <\/h2>\n                            <\/div>\n            <div class=\"section-title-red__wrapper-bottom-more\">\n                <svg xmlns=\"http:\/\/www.w3.org\/2000\/svg\" width=\"174\" height=\"174\" viewBox=\"0 0 174 174\" fill=\"none\">\n                    <path d=\"M101.877 94.0934L88.513 107.457L88.5186 107.463L87.1043 108.877L72.3206 94.0934L73.7348 92.6792L86.077 105.021L86.077 64.6792L88.077 64.6792L88.077 105.065L100.463 92.6792L101.877 94.0934Z\" fill=\"#B12428\" \/>\n                <\/svg>\n                <div class=\"section-title-red__wrapper-bottom-more-dotts\">\n                    <svg xmlns=\"http:\/\/www.w3.org\/2000\/svg\" width=\"92\" height=\"8\" viewBox=\"0 0 92 8\" fill=\"none\">\n                        <circle cx=\"4\" cy=\"4\" r=\"4\" fill=\"#E2E8F0\" \/>\n                        <circle cx=\"32\" cy=\"4\" r=\"4\" fill=\"#E2E8F0\" \/>\n                        <circle cx=\"60\" cy=\"4\" r=\"4\" fill=\"#E2E8F0\" \/>\n                        <circle cx=\"88\" cy=\"4\" r=\"4\" fill=\"#E2E8F0\" \/>\n                    <\/svg>\n                <\/div>\n            <\/div>\n        <\/div>\n    <\/div>\n<\/section>\n\n\n<section class=\"not-all not-all--about-us not-all--reversed white-bg wp-block-uniquedevs-not-all\">\n\t<div class=\"not-all__wrapper\">\n\t\t<div class=\"not-all__wrapper-top\">\n\t\t\t<div class=\"not-all__wrapper-top-left\" data-aos=\"fade-up\" data-aos-duration=\"500\">\n\t\t\t\t<div class=\"not-all__wrapper-top-left-image\">\n\t\t\t\t\t\t\t\t\t\t\t<img decoding=\"async\" src=\"https:\/\/bewi.com.pl\/wp-content\/uploads\/2025\/04\/image.webp\" alt=\"\">\n\t\t\t\t\t                                            <div class=\"not-all__wrapper-top-left-image-small\">\n                            <img decoding=\"async\" src=\"https:\/\/bewi.com.pl\/wp-content\/uploads\/2025\/07\/85578fa5a2ed8ca48ba92cae194e9340ac64d6fb.webp\" alt=\"\">\n                        <\/div>\n                    \t\t\t\t<\/div>\n\t\t\t<\/div>\n\t\t\t<div class=\"not-all__wrapper-top-right\" data-aos=\"fade-up\" data-aos-duration=\"500\">\n                <div class=\"not-all__wrapper-top-right-wrapper\">\n                                            <div className=\"not-all__wrapper-top-right-wrapper-logo\">\n                            <img decoding=\"async\" src=\"https:\/\/bewi.com.pl\/wp-content\/uploads\/2025\/04\/bewi-logo.svg\" alt=\"\">\n                        <\/div>\n                                        <div class=\"not-all__wrapper-top-right-subtitle\">\n                                            <\/div>\n                                            <h2 class=\"not-all__wrapper-top-right-title\">\n                            <mark style=\"background-color:rgba(0, 0, 0, 0)\" class=\"has-inline-color has-gold-color\">Warum lohnt es sich, mit uns<\/mark><br>zusammenzuarbeiten?                        <\/h2>\n                                                                <div class=\"not-all__wrapper-top-right-description\">\n                            <p>Wenn Sie sich f\u00fcr BEWI entscheiden, erhalten Sie umfassende gesch\u00e4ftliche und technische Unterst\u00fctzung, die Ihnen hilft, Ihr Gesch\u00e4ft auszubauen und Ihre Position auf dem Markt f\u00fcr Fenster- und Aluminiumkonstruktionen zu st\u00e4rken.<\/p>\n                        <\/div>\n                                                                <div class=\"not-all__wrapper-top-right-list-title\">\n                            <h3>Was Sie durch die Zusammenarbeit mit uns gewinnen:<\/h3>\n                        <\/div>\n                                                                <div class=\"not-all__wrapper-top-right-list\">\n                            <ul>\n                                <li><mark class=\"has-inline-color has-red-color\">Ein pers\u00f6nlicher Kundenbetreuer<\/mark> \u2013 individuelle Betreuung, schnelle Kommunikation und Prozessoptimierung.\u2028\u2028<\/li><li><mark class=\"has-inline-color has-red-color\">Technischer Support und Produktschulungen<\/mark> \u2013 umfassende Schulungen f\u00fcr das Vertriebs- und Montageteam.\u2028\u2028<\/li><li><mark class=\"has-inline-color has-red-color\">Marketingmaterialien<\/mark> \u2013 Produktpr\u00e4sentation, Flyer, Brosch\u00fcren, die die Pr\u00e4sentation des Angebots f\u00fcr Kunden erleichtern.\u2028\u2028<\/li><li><mark class=\"has-inline-color has-red-color\">Transport der Tischlerarbeiten an die angegebene Adresse<\/mark> \u2013 p\u00fcnktliche und reibungslose Lieferung der Bestellungen.<\/li><li><mark class=\"has-inline-color has-red-color\">Montageberatung und Service<\/mark> \u2013 Unterst\u00fctzung bei der Installation und dem Kundendienst.<\/li>                            <\/ul>\n                        <\/div>\n                                        <div class=\"not-all__wrapper-top-right-link\">\n                        <a href=\"https:\/\/bewi.com.pl\/de\/kontakt\/\" data-type=\"page\" data-id=\"24\">Werden Sie unser Partner<\/a>                    <\/div>\n                <\/div>\n\t\t\t<\/div>\n\t\t<\/div>\n\t\t<div class=\"not-all__wrapper-bottom\" data-aos=\"fade-up\" data-aos-duration=\"500\">\n\t\t\t<div class=\"not-all__wrapper-bottom-description\">\n\t\t\t\t<p><\/p>\n\t\t\t<\/div>\n\t\t<\/div>\n\t<\/div>\n<\/section>\n\n\n\n<section class=\"text-with-grid wp-block-uniquedevs-text-with-grid\">\n    <div class=\"text-with-grid__top\">\n        <div class=\"text-with-grid__top-title\">\n            <h2><mark>Mit wem<\/mark><br>arbeiten wir zusammen?<\/h2>\n        <\/div>\n        <div class=\"text-with-grid__top-description\">\n            Unsere Produkte und L\u00f6sungen sind f\u00fcr Fachleute aus der Baubranche bestimmt, die Wert auf Qualit\u00e4t, Termintreue und umfassende Unterst\u00fctzung legen. Deshalb arbeiten wir seit Jahren erfolgreich mit einer Vielzahl von Partnern zusammen und unterst\u00fctzen sie bei ihrer t\u00e4glichen Arbeit und der Umsetzung selbst anspruchsvollster Projekte.        <\/div>\n    <\/div>\n    <div class=\"text-with-grid__items\">\n                    <div class=\"text-with-grid__items-item\">\n                <div class=\"text-with-grid__items-item-title\">\n                    <h3>mit Architekten und Planungsb\u00fcros<\/h3>\n                <\/div>\n                <div class=\"text-with-grid__items-item-description\">\n                    Gemeinsam erstellen wir funktionale und \u00e4sthetische Entw\u00fcrfe.                <\/div>\n            <\/div>\n                    <div class=\"text-with-grid__items-item\">\n                <div class=\"text-with-grid__items-item-title\">\n                    <h3>mit Holzwerkstoffh\u00e4ndlern<\/h3>\n                <\/div>\n                <div class=\"text-with-grid__items-item-description\">\n                    Wir erweitern unser Angebot um hochwertige Produkte aus PVC und Aluminium.                <\/div>\n            <\/div>\n                    <div class=\"text-with-grid__items-item\">\n                <div class=\"text-with-grid__items-item-title\">\n                    <h3>mit den Monteuren<\/h3>\n                <\/div>\n                <div class=\"text-with-grid__items-item-description\">\n                    Wir bieten technischen Support und Montageschulungen.                <\/div>\n            <\/div>\n                    <div class=\"text-with-grid__items-item\">\n                <div class=\"text-with-grid__items-item-title\">\n                    <h3>mit Bauunternehmen<\/h3>\n                <\/div>\n                <div class=\"text-with-grid__items-item-description\">\n                    Wir liefern Tischlerarbeiten f\u00fcr verschiedene Bauvorhaben \u2013 von H\u00e4usern bis hin zu gro\u00dfen Objekten.                <\/div>\n            <\/div>\n            <\/div>\n<\/section>\n\n\n<section class=\"simple-slider wp-block-uniquedevs-simple-slider\">\n\t<div class=\"simple-slider__wrapper\">\n\t\t<div class=\"simple-slider__wrapper-slider splide\">\n\t\t\t<div class=\"splide__track\">\n\t\t\t\t<ul class=\"splide__list\">\n\t\t\t\t\t\t\t\t\t\t\t<li class=\"splide__slide\">\n\t\t\t\t\t\t\t<div class=\"simple-slider__wrapper-slider-image\">\n\t\t\t\t\t\t\t\t\t\t\t\t\t\t\t\t\t<img decoding=\"async\" src=\"https:\/\/bewi.com.pl\/wp-content\/uploads\/2025\/07\/4a57ddad3ef5bcbfa060d15b1949d071d6db367b.webp\" alt=\"\">\n\t\t\t\t\t\t\t\t\t\t\t\t\t\t\t<\/div>\n\t\t\t\t\t\t<\/li>\n\t\t\t\t\t\t\t\t\t\t\t<li class=\"splide__slide\">\n\t\t\t\t\t\t\t<div class=\"simple-slider__wrapper-slider-image\">\n\t\t\t\t\t\t\t\t\t\t\t\t\t\t\t\t\t<img decoding=\"async\" src=\"https:\/\/bewi.com.pl\/wp-content\/uploads\/2025\/07\/PHOTO-2021-06-01-09-30-16-1.jpg\" alt=\"\">\n\t\t\t\t\t\t\t\t\t\t\t\t\t\t\t<\/div>\n\t\t\t\t\t\t<\/li>\n\t\t\t\t\t\t\t\t\t<\/ul>\n\t\t\t<\/div>\n\t\t\t<div class=\"simple-slider__wrapper-slider-nav\">\n\t\t\t\t<div class=\"simple-slider__wrapper-slider-nav-prev\">\n\t\t\t\t\t<svg xmlns=\"http:\/\/www.w3.org\/2000\/svg\" width=\"72\" height=\"72\" viewBox=\"0 0 72 72\" fill=\"none\">\n\t\t\t\t\t\t<circle cx=\"36\" cy=\"36\" r=\"36\" fill=\"#1E1E1E\" \/>\n\t\t\t\t\t\t<path d=\"M25.2127 35.2929C24.8222 35.6834 24.8222 36.3166 25.2127 36.7071L31.5767 43.0711C31.9672 43.4616 32.6003 43.4616 32.9909 43.0711C33.3814 42.6805 33.3814 42.0474 32.9909 41.6569L27.334 36L32.9909 30.3431C33.3814 29.9526 33.3814 29.3195 32.9909 28.9289C32.6003 28.5384 31.9672 28.5384 31.5767 28.9289L25.2127 35.2929ZM46.7998 35H25.9198V37H46.7998V35Z\" fill=\"white\" \/>\n\t\t\t\t\t<\/svg>\n\t\t\t\t<\/div>\n\t\t\t\t<div class=\"simple-slider__wrapper-slider-nav-next\">\n\t\t\t\t\t<svg xmlns=\"http:\/\/www.w3.org\/2000\/svg\" width=\"73\" height=\"72\" viewBox=\"0 0 73 72\" fill=\"none\">\n\t\t\t\t\t\t<circle cx=\"36.6807\" cy=\"36\" r=\"35\" stroke=\"#707070\" stroke-width=\"2\" \/>\n\t\t\t\t\t\t<path d=\"M47.468 35.2929C47.8585 35.6834 47.8585 36.3166 47.468 36.7071L41.104 43.0711C40.7135 43.4616 40.0803 43.4616 39.6898 43.0711C39.2993 42.6805 39.2993 42.0474 39.6898 41.6569L45.3466 36L39.6898 30.3431C39.2993 29.9526 39.2993 29.3195 39.6898 28.9289C40.0803 28.5384 40.7135 28.5384 41.104 28.9289L47.468 35.2929ZM25.8809 35H46.7609V37H25.8809V35Z\" fill=\"#1E1E1E\" \/>\n\t\t\t\t\t<\/svg>\n\t\t\t\t<\/div>\n\t\t\t<\/div>\n\t\t<\/div>\n\t<\/div>\n<\/section>\n\n\n\n<section class=\"text-with-grid wp-block-uniquedevs-text-with-grid\">\n    <div class=\"text-with-grid__top\">\n        <div class=\"text-with-grid__top-title\">\n            <h2><mark style=\"background-color:rgba(0, 0, 0, 0)\" class=\"has-inline-color has-gold-color\">Verkauf auf dem<\/mark><br>inl\u00e4ndischen und ausl\u00e4ndischen Markt<\/h2>\n        <\/div>\n        <div class=\"text-with-grid__top-description\">\n            Wir realisieren Projekte sowohl in Polen als auch im Ausland \u2028<br>und gew\u00e4hrleisten dabei eine hohe Servicequalit\u00e4t in allen Phasen der Zusammenarbeit.        <\/div>\n    <\/div>\n    <div class=\"text-with-grid__items\">\n            <\/div>\n<\/section>","protected":false},"excerpt":{"rendered":"","protected":false},"author":1,"featured_media":0,"parent":0,"menu_order":0,"comment_status":"closed","ping_status":"closed","template":"","meta":{"_acf_changed":false,"footnotes":""},"class_list":["post-2400","page","type-page","status-publish","hentry"],"acf":[],"_links":{"self":[{"href":"https:\/\/bewi.com.pl\/de\/wp-json\/wp\/v2\/pages\/2400","targetHints":{"allow":["GET"]}}],"collection":[{"href":"https:\/\/bewi.com.pl\/de\/wp-json\/wp\/v2\/pages"}],"about":[{"href":"https:\/\/bewi.com.pl\/de\/wp-json\/wp\/v2\/types\/page"}],"author":[{"embeddable":true,"href":"https:\/\/bewi.com.pl\/de\/wp-json\/wp\/v2\/users\/1"}],"replies":[{"embeddable":true,"href":"https:\/\/bewi.com.pl\/de\/wp-json\/wp\/v2\/comments?post=2400"}],"version-history":[{"count":1,"href":"https:\/\/bewi.com.pl\/de\/wp-json\/wp\/v2\/pages\/2400\/revisions"}],"predecessor-version":[{"id":2419,"href":"https:\/\/bewi.com.pl\/de\/wp-json\/wp\/v2\/pages\/2400\/revisions\/2419"}],"wp:attachment":[{"href":"https:\/\/bewi.com.pl\/de\/wp-json\/wp\/v2\/media?parent=2400"}],"curies":[{"name":"wp","href":"https:\/\/api.w.org\/{rel}","templated":true}]}}