{"id":2779,"date":"2025-04-23T09:08:34","date_gmt":"2025-04-23T07:08:34","guid":{"rendered":"https:\/\/bewi.com.pl\/o-nas\/"},"modified":"2025-08-22T12:36:11","modified_gmt":"2025-08-22T10:36:11","slug":"ueber-uns","status":"publish","type":"page","link":"https:\/\/bewi.com.pl\/de\/ueber-uns\/","title":{"rendered":"\u00dcber uns"},"content":{"rendered":"\n<section class=\"section-title-red about-us-hero wp-block-uniquedevs-section-title-red\" style=\"background-image: url(https:\/\/bewi.com.pl\/wp-content\/uploads\/2025\/05\/3922525732df795e74899dfde99ddc107e94b83d.png);\" >\n    <div class=\"section-title-red__wrapper\">\n        <div class=\"section-title-red__wrapper-breadcrumb\">\n            <ul class=\"breadcrumbs\"><li class=\"breadcrumbs__item\"><a href=\"https:\/\/bewi.com.pl\/de\/\" class=\"breadcrumbs__link\">Startseite<\/a><\/li><li class=\"breadcrumbs__separator\"> \/ <\/li><\/ul>        <\/div>\n        <div class=\"section-title-red__wrapper-bottom\">\n                            <h1 class=\"section-title-red__wrapper-bottom-title\">\n                    <strong><strong>UNSERE<\/strong><\/strong><br><strong><strong>FIRMA<\/strong><\/strong>                <\/h1>\n                        <div class=\"section-title-red__wrapper-bottom-image\">\n                                    <img decoding=\"async\" src=\"https:\/\/bewi.com.pl\/wp-content\/uploads\/2025\/07\/64a16219a25263632d30a8387080cdff0e51946c.webp\" \/>\n                    <div class=\"section-title-red__wrapper-bottom-image-shape\">\n                        <svg xmlns=\"http:\/\/www.w3.org\/2000\/svg\" width=\"190\" height=\"88\" viewBox=\"0 0 190 88\" fill=\"none\">\n                            <path d=\"M190 95C190 42.533 147.467 1.15404e-05 95 6.95363e-06C42.533 2.36682e-06 -1.0672e-05 42.5329 -1.52588e-05 95L190 95Z\" fill=\"#2D2D2D\" \/>\n                        <\/svg>\n                    <\/div>\n                                            <\/div>\n            <div class=\"section-title-red__wrapper-bottom-more\">\n                <svg xmlns=\"http:\/\/www.w3.org\/2000\/svg\" width=\"174\" height=\"174\" viewBox=\"0 0 174 174\" fill=\"none\">\n                    <path d=\"M101.877 94.0934L88.513 107.457L88.5186 107.463L87.1043 108.877L72.3206 94.0934L73.7348 92.6792L86.077 105.021L86.077 64.6792L88.077 64.6792L88.077 105.065L100.463 92.6792L101.877 94.0934Z\" fill=\"#B12428\" \/>\n                <\/svg>\n                <div class=\"section-title-red__wrapper-bottom-more-dotts\">\n                    <svg xmlns=\"http:\/\/www.w3.org\/2000\/svg\" width=\"92\" height=\"8\" viewBox=\"0 0 92 8\" fill=\"none\">\n                        <circle cx=\"4\" cy=\"4\" r=\"4\" fill=\"#E2E8F0\" \/>\n                        <circle cx=\"32\" cy=\"4\" r=\"4\" fill=\"#E2E8F0\" \/>\n                        <circle cx=\"60\" cy=\"4\" r=\"4\" fill=\"#E2E8F0\" \/>\n                        <circle cx=\"88\" cy=\"4\" r=\"4\" fill=\"#E2E8F0\" \/>\n                    <\/svg>\n                <\/div>\n            <\/div>\n        <\/div>\n    <\/div>\n<\/section>\n\n\n<section class=\"not-all not-all--about-us wp-block-uniquedevs-not-all\">\n\t<div class=\"not-all__wrapper\">\n\t\t<div class=\"not-all__wrapper-top\">\n\t\t\t<div class=\"not-all__wrapper-top-left\" data-aos=\"fade-up\" data-aos-duration=\"500\">\n\t\t\t\t<div class=\"not-all__wrapper-top-left-image\">\n\t\t\t\t\t\t\t\t\t\t\t<img decoding=\"async\" src=\"https:\/\/bewi.com.pl\/wp-content\/uploads\/2025\/07\/image.webp\" alt=\"\">\n\t\t\t\t\t                                            <div class=\"not-all__wrapper-top-left-image-small\">\n                            <img decoding=\"async\" src=\"https:\/\/bewi.com.pl\/wp-content\/uploads\/2025\/07\/85578fa5a2ed8ca48ba92cae194e9340ac64d6fb.webp\" alt=\"\">\n                        <\/div>\n                    \t\t\t\t<\/div>\n\t\t\t<\/div>\n\t\t\t<div class=\"not-all__wrapper-top-right\" data-aos=\"fade-up\" data-aos-duration=\"500\">\n                <div class=\"not-all__wrapper-top-right-wrapper\">\n                                            <div className=\"not-all__wrapper-top-right-wrapper-logo\">\n                            <img decoding=\"async\" src=\"https:\/\/bewi.com.pl\/wp-content\/uploads\/2025\/04\/bewi-logo.svg\" alt=\"\">\n                        <\/div>\n                                        <div class=\"not-all__wrapper-top-right-subtitle\">\n                                            <\/div>\n                                            <h2 class=\"not-all__wrapper-top-right-title\">\n                            <mark style=\"background-color:rgba(0, 0, 0, 0)\" class=\"has-inline-color has-gold-color\">Hersteller von Tischlereiprodukten<\/mark><br>PVC und AL                        <\/h2>\n                                                                <div class=\"not-all__wrapper-top-right-description\">\n                            <p>Wir sind ein Hersteller von Fenstern, T\u00fcren, Winterg\u00e4rten, Rolll\u00e4den, Insektenschutzgittern und anderen Produkten sowie Konstruktionen aus PVC und Aluminium. Unsere langj\u00e4hrige Erfahrung in diesem Bereich spiegelt sich in unseren von Jahr zu Jahr steigenden Verkaufszahlen wider.<br>Wir liefern unsere Produkte neben Polen auch in viele L\u00e4nder der Europ\u00e4ischen Union und dar\u00fcber hinaus. Haupts\u00e4chlich nach Deutschland, \u00d6sterreich, Holland und in die Schweiz. Zu unseren Kunden z\u00e4hlen Privatkunden, Bauunternehmen und institutionelle Investoren.<br>Bewi ist ein polnisches Unternehmen mit Tradition. Unsere Mitarbeiter sind unser gr\u00f6\u00dftes Kapital, deren kontinuierliche Weiterentwicklung f\u00fcr uns von gr\u00f6\u00dfter Bedeutung ist. Gemeinsam schaffen wir ein erfolgreiches Unternehmen, das sich auf dem nationalen und internationalen Markt etabliert hat.<\/p>\n                        <\/div>\n                                                                                <div class=\"not-all__wrapper-top-right-link\">\n                        <a href=\"https:\/\/bewi.com.pl\/de\/kategoria-produkty\/fenster\/\" data-type=\"product_category\" data-id=\"21\">Produkte anzeigen<\/a>                    <\/div>\n                <\/div>\n\t\t\t<\/div>\n\t\t<\/div>\n\t\t<div class=\"not-all__wrapper-bottom\" data-aos=\"fade-up\" data-aos-duration=\"500\">\n\t\t\t<div class=\"not-all__wrapper-bottom-description\">\n\t\t\t\t<p>Unser Unternehmen ist seit 1993 ununterbrochen t\u00e4tig. In unserer \u00fcber 30-j\u00e4hrigen Geschichte haben wir einen gro\u00dfen Kreis zufriedener Kunden gewonnen, die mit unseren Produkten zufrieden sind. Unser st\u00e4ndiger Wunsch nach Weiterentwicklung hat zur Expansion auf ausl\u00e4ndische M\u00e4rkte gef\u00fchrt. Derzeit steigt unser Exportvolumen von Jahr zu Jahr. <strong>Wir bieten Produkte auf dem gesamten Markt der Europ\u00e4ischen Union an.<\/strong><\/p>\n\t\t\t<\/div>\n\t\t<\/div>\n\t<\/div>\n<\/section>\n\n\n\n<section class=\"simple-slider wp-block-uniquedevs-simple-slider\">\n\t<div class=\"simple-slider__wrapper\">\n\t\t<div class=\"simple-slider__wrapper-slider splide\">\n\t\t\t<div class=\"splide__track\">\n\t\t\t\t<ul class=\"splide__list\">\n\t\t\t\t\t\t\t\t\t\t\t<li class=\"splide__slide\">\n\t\t\t\t\t\t\t<div class=\"simple-slider__wrapper-slider-image\">\n\t\t\t\t\t\t\t\t\t\t\t\t\t\t\t\t\t<img decoding=\"async\" src=\"https:\/\/bewi.com.pl\/wp-content\/uploads\/2025\/05\/Haustuer-AluClip-Seitenteil-schmal-Anthrazitgrau.webp\" alt=\"\">\n\t\t\t\t\t\t\t\t\t\t\t\t\t\t\t<\/div>\n\t\t\t\t\t\t<\/li>\n\t\t\t\t\t\t\t\t\t\t\t<li class=\"splide__slide\">\n\t\t\t\t\t\t\t<div class=\"simple-slider__wrapper-slider-image\">\n\t\t\t\t\t\t\t\t\t\t\t\t\t\t\t\t\t<img decoding=\"async\" src=\"https:\/\/bewi.com.pl\/wp-content\/uploads\/2025\/05\/Objekt_1-Rollladenstab-Z56.webp\" alt=\"\">\n\t\t\t\t\t\t\t\t\t\t\t\t\t\t\t<\/div>\n\t\t\t\t\t\t<\/li>\n\t\t\t\t\t\t\t\t\t<\/ul>\n\t\t\t<\/div>\n\t\t\t<div class=\"simple-slider__wrapper-slider-nav\">\n\t\t\t\t<div class=\"simple-slider__wrapper-slider-nav-prev\">\n\t\t\t\t\t<svg xmlns=\"http:\/\/www.w3.org\/2000\/svg\" width=\"72\" height=\"72\" viewBox=\"0 0 72 72\" fill=\"none\">\n\t\t\t\t\t\t<circle cx=\"36\" cy=\"36\" r=\"36\" fill=\"#1E1E1E\" \/>\n\t\t\t\t\t\t<path d=\"M25.2127 35.2929C24.8222 35.6834 24.8222 36.3166 25.2127 36.7071L31.5767 43.0711C31.9672 43.4616 32.6003 43.4616 32.9909 43.0711C33.3814 42.6805 33.3814 42.0474 32.9909 41.6569L27.334 36L32.9909 30.3431C33.3814 29.9526 33.3814 29.3195 32.9909 28.9289C32.6003 28.5384 31.9672 28.5384 31.5767 28.9289L25.2127 35.2929ZM46.7998 35H25.9198V37H46.7998V35Z\" fill=\"white\" \/>\n\t\t\t\t\t<\/svg>\n\t\t\t\t<\/div>\n\t\t\t\t<div class=\"simple-slider__wrapper-slider-nav-next\">\n\t\t\t\t\t<svg xmlns=\"http:\/\/www.w3.org\/2000\/svg\" width=\"73\" height=\"72\" viewBox=\"0 0 73 72\" fill=\"none\">\n\t\t\t\t\t\t<circle cx=\"36.6807\" cy=\"36\" r=\"35\" stroke=\"#707070\" stroke-width=\"2\" \/>\n\t\t\t\t\t\t<path d=\"M47.468 35.2929C47.8585 35.6834 47.8585 36.3166 47.468 36.7071L41.104 43.0711C40.7135 43.4616 40.0803 43.4616 39.6898 43.0711C39.2993 42.6805 39.2993 42.0474 39.6898 41.6569L45.3466 36L39.6898 30.3431C39.2993 29.9526 39.2993 29.3195 39.6898 28.9289C40.0803 28.5384 40.7135 28.5384 41.104 28.9289L47.468 35.2929ZM25.8809 35H46.7609V37H25.8809V35Z\" fill=\"#1E1E1E\" \/>\n\t\t\t\t\t<\/svg>\n\t\t\t\t<\/div>\n\t\t\t<\/div>\n\t\t<\/div>\n\t<\/div>\n<\/section>\n","protected":false},"excerpt":{"rendered":"","protected":false},"author":1,"featured_media":0,"parent":0,"menu_order":0,"comment_status":"closed","ping_status":"closed","template":"","meta":{"_acf_changed":false,"footnotes":""},"class_list":["post-2779","page","type-page","status-publish","hentry"],"acf":[],"_links":{"self":[{"href":"https:\/\/bewi.com.pl\/de\/wp-json\/wp\/v2\/pages\/2779","targetHints":{"allow":["GET"]}}],"collection":[{"href":"https:\/\/bewi.com.pl\/de\/wp-json\/wp\/v2\/pages"}],"about":[{"href":"https:\/\/bewi.com.pl\/de\/wp-json\/wp\/v2\/types\/page"}],"author":[{"embeddable":true,"href":"https:\/\/bewi.com.pl\/de\/wp-json\/wp\/v2\/users\/1"}],"replies":[{"embeddable":true,"href":"https:\/\/bewi.com.pl\/de\/wp-json\/wp\/v2\/comments?post=2779"}],"version-history":[{"count":3,"href":"https:\/\/bewi.com.pl\/de\/wp-json\/wp\/v2\/pages\/2779\/revisions"}],"predecessor-version":[{"id":2788,"href":"https:\/\/bewi.com.pl\/de\/wp-json\/wp\/v2\/pages\/2779\/revisions\/2788"}],"wp:attachment":[{"href":"https:\/\/bewi.com.pl\/de\/wp-json\/wp\/v2\/media?parent=2779"}],"curies":[{"name":"wp","href":"https:\/\/api.w.org\/{rel}","templated":true}]}}