{"id":2462,"date":"2025-07-15T08:32:04","date_gmt":"2025-07-15T06:32:04","guid":{"rendered":"https:\/\/bewi.com.pl\/produkt\/kommerling-76-ad\/"},"modified":"2025-08-22T08:40:25","modified_gmt":"2025-08-22T06:40:25","slug":"kommerling-76-ad","status":"publish","type":"product","link":"https:\/\/bewi.com.pl\/de\/produkt\/kommerling-76-ad\/","title":{"rendered":"k\u00f6mmerling 76 AD"},"content":{"rendered":"\n    <section class=\"product-details wp-block-uniquedevs-product-details\">\n        <div class=\"product-details__wrapper product-details__wrapper--1\">\n                            <div class=\"product-details__wrapper-col full-width\">\n                    <div class=\"product-details__wrapper-col-item\">\n                                                    <div class=\"product-details__wrapper-col-item-subtitle\">\n                                k\u00f6mmerling                            <\/div>\n                                                <div class=\"product-details__wrapper-col-item-top\">\n                                                            <div class=\"product-details__wrapper-col-item-top-title\">\n                                    76 AD                                <\/div>\n                                                                                        <a href=\"https:\/\/bewi.com.pl\/wp-content\/uploads\/2025\/08\/Koemmerling_76_system_drzwiowy_.pdf\" class=\"product-details__wrapper-col-item-top-button\" target=\"_blank\">\n                                    <div class=\"product-details__wrapper-col-item-top-button-text\">\n                                        Herunterladen                                    <\/div>\n                                    <div class=\"product-details__wrapper-col-item-top-button-icon\">\n                                        <img decoding=\"async\" src=\"https:\/\/bewi.com.pl\/wp-content\/uploads\/2025\/05\/pdf.svg\" alt=\"\">\n                                    <\/div>\n                                <\/a>\n                                                    <\/div>\n                                                    <div class=\"product-details__wrapper-col-item-description\">\n                                <br>Die Fenster <strong>K\u00f6mmerling 76 AD <\/strong>zeichnen sich durch alle Parameter eines modernen Fensters der Zukunft aus. Von der Geometrie \u00fcber die Funktionalit\u00e4t, Statik und W\u00e4rme- und Schalld\u00e4mmwerte bis hin zum Umweltschutz erf\u00fcllt das System nicht nur die aktuellen Anforderungen, sondern vor allem auch die Anforderungen der Zukunft.<br>Die innovative Konstruktion des Systems <strong>K\u00f6mmerling 76 AD<\/strong> erm\u00f6glicht den Einbau moderner 3-fach-Verglasungen mit einer Dicke von bis zu 48 mm und einer Vielzahl von Funktionsgl\u00e4sern. Dank intelligenter Befestigungstechniken erfolgt die professionelle Montage schnell, effizient und ohne gro\u00dfen Aufwand. Der Austausch alter Fenster gegen neue, moderne Fenster des Systems <strong>K\u00f6mmerling 76 AD<\/strong> ist daher ein reines Vergn\u00fcgen.<br>                            <\/div>\n                                                                            <div class=\"product-details__wrapper-col-item-list-title\">\n                                PVC-Fenster- und T\u00fcrsystem mit einer Bautiefe von 76 mm.                            <\/div>\n                                                                            <ul class=\"product-details__wrapper-col-item-list\">\n                                                                    <li class=\"product-details__wrapper-col-item-list-item\">\n                                        System mit einer Falzdichtung mit einer Bautiefe von 76 mm in modernem Design.                                    <\/li>\n                                                                    <li class=\"product-details__wrapper-col-item-list-item\">\n                                        Hei\u00dfsiegelbare Dichtungen aus PCE oder EPDM in hellgrauer oder schwarzer Farbe.                                    <\/li>\n                                                                    <li class=\"product-details__wrapper-col-item-list-item\">\n                                        Verbesserung der Lebensqualit\u00e4t dank perfekter Schalld\u00e4mmung bis zu 48 dB.                                    <\/li>\n                                                                    <li class=\"product-details__wrapper-col-item-list-item\">\n                                        H\u00f6here Sicherheit \u2013 M\u00f6glichkeit der Verwendung integrierter Einbruchschutzsysteme (Abschlusssysteme); Einbruchschutzklasse RC2.                                    <\/li>\n                                                                    <li class=\"product-details__wrapper-col-item-list-item\">\n                                        Einfache und professionelle Montage dank einer gro\u00dfen Auswahl an Zusatzprofilen.                                    <\/li>\n                                                                    <li class=\"product-details__wrapper-col-item-list-item\">\n                                        M\u00f6glicher Einsatz von Verglasungs- oder F\u00fcllungspaketen im Bereich von 16-50 mm.                                    <\/li>\n                                                                    <li class=\"product-details__wrapper-col-item-list-item\">\n                                        Alle Kunststoffprofile werden aus Material mit bleifreien Stabilisatoren auf Kalzium- und Zinkbasis hergestellt.                                    <\/li>\n                                                                    <li class=\"product-details__wrapper-col-item-list-item\">\n                                        Das System ist in Wei\u00df und in einer Vielzahl von Dekoren mit glatter oder Holzstruktur erh\u00e4ltlich.                                    <\/li>\n                                                                    <li class=\"product-details__wrapper-col-item-list-item\">\n                                        M\u00f6glichkeit der Verwendung innovativer Aluminiumaufs\u00e4tze AluClip oder AluClip Pro.                                    <\/li>\n                                                                    <li class=\"product-details__wrapper-col-item-list-item\">\n                                        Lange Lebensdauer des Fensters.                                    <\/li>\n                                                                    <li class=\"product-details__wrapper-col-item-list-item\">\n                                        Einfache Pflege.                                    <\/li>\n                                                                    <li class=\"product-details__wrapper-col-item-list-item\">\n                                        Verbesserung der Lebensqualit\u00e4t dank perfekter Schalld\u00e4mmung bis zu 48 dB.                                    <\/li>\n                                                                    <li class=\"product-details__wrapper-col-item-list-item\">\n                                        Mehr Sicherheit \u2013 M\u00f6glichkeit der Verwendung integrierter Einbruchschutzsysteme.                                    <\/li>\n                                                                    <li class=\"product-details__wrapper-col-item-list-item\">\n                                        Hoher Bedienkomfort und einzigartige Funktionalit\u00e4t.                                    <\/li>\n                                                            <\/ul>\n                                            <\/div>\n                <\/div>\n                    <\/div>\n    <\/section>\n","protected":false},"excerpt":{"rendered":"<p>K\u00f6mmerling 76 AD ist eine kompromisslose Wahl! Ein modernes und erstklassiges PVC-Fenster- und T\u00fcrsystem. H\u00f6chste Qualit\u00e4t, messbare Energiekosteneinsparungen, optimaler Schallschutz, zuverl\u00e4ssige Einbruchssicherheit und vielf\u00e4ltige Gestaltungsm\u00f6glichkeiten f\u00fcr die Au\u00dfenfl\u00e4che sprechen f\u00fcr die Vorz\u00fcge dieses Systems. Mit Ihrer Entscheidung f\u00fcr Fenster des Systems K\u00f6mmerling 76 AD treffen Sie die richtige Wahl und steigern Ihre Lebensqualit\u00e4t!<\/p>\n","protected":false},"author":1,"featured_media":1931,"menu_order":0,"comment_status":"open","ping_status":"open","template":"","format":"standard","meta":{"_acf_changed":false,"footnotes":""},"product_category":[134,139],"class_list":["post-2462","product","type-product","status-publish","format-standard","has-post-thumbnail","hentry","product_category-fenster","product_category-pvc-de-3"],"acf":[],"_links":{"self":[{"href":"https:\/\/bewi.com.pl\/de\/wp-json\/wp\/v2\/product\/2462","targetHints":{"allow":["GET"]}}],"collection":[{"href":"https:\/\/bewi.com.pl\/de\/wp-json\/wp\/v2\/product"}],"about":[{"href":"https:\/\/bewi.com.pl\/de\/wp-json\/wp\/v2\/types\/product"}],"author":[{"embeddable":true,"href":"https:\/\/bewi.com.pl\/de\/wp-json\/wp\/v2\/users\/1"}],"replies":[{"embeddable":true,"href":"https:\/\/bewi.com.pl\/de\/wp-json\/wp\/v2\/comments?post=2462"}],"version-history":[{"count":2,"href":"https:\/\/bewi.com.pl\/de\/wp-json\/wp\/v2\/product\/2462\/revisions"}],"predecessor-version":[{"id":2471,"href":"https:\/\/bewi.com.pl\/de\/wp-json\/wp\/v2\/product\/2462\/revisions\/2471"}],"wp:featuredmedia":[{"embeddable":true,"href":"https:\/\/bewi.com.pl\/de\/wp-json\/wp\/v2\/media\/1931"}],"wp:attachment":[{"href":"https:\/\/bewi.com.pl\/de\/wp-json\/wp\/v2\/media?parent=2462"}],"wp:term":[{"taxonomy":"product_category","embeddable":true,"href":"https:\/\/bewi.com.pl\/de\/wp-json\/wp\/v2\/product_category?post=2462"}],"curies":[{"name":"wp","href":"https:\/\/api.w.org\/{rel}","templated":true}]}}