{"id":2475,"date":"2025-07-15T09:06:21","date_gmt":"2025-07-15T07:06:21","guid":{"rendered":"https:\/\/bewi.com.pl\/produkt\/kommerling-88-md\/"},"modified":"2025-08-22T10:41:49","modified_gmt":"2025-08-22T08:41:49","slug":"kommerling-88-md","status":"publish","type":"product","link":"https:\/\/bewi.com.pl\/de\/produkt\/kommerling-88-md\/","title":{"rendered":"k\u00f6mmerling 88 MD"},"content":{"rendered":"\n    <section class=\"product-details wp-block-uniquedevs-product-details\">\n        <div class=\"product-details__wrapper product-details__wrapper--1\">\n                            <div class=\"product-details__wrapper-col full-width\">\n                    <div class=\"product-details__wrapper-col-item\">\n                                                    <div class=\"product-details__wrapper-col-item-subtitle\">\n                                k\u00f6mmerling                            <\/div>\n                                                <div class=\"product-details__wrapper-col-item-top\">\n                                                            <div class=\"product-details__wrapper-col-item-top-title\">\n                                    88 MD                                <\/div>\n                                                                                        <a href=\"https:\/\/bewi.com.pl\/wp-content\/uploads\/2025\/07\/Koemmerling_88_MD_Standard_Ulotka_PL.pdf.pdf\" class=\"product-details__wrapper-col-item-top-button\" target=\"_blank\">\n                                    <div class=\"product-details__wrapper-col-item-top-button-text\">\n                                        Herunterladen                                    <\/div>\n                                    <div class=\"product-details__wrapper-col-item-top-button-icon\">\n                                        <img decoding=\"async\" src=\"https:\/\/bewi.com.pl\/wp-content\/uploads\/2025\/05\/pdf.svg\" alt=\"\">\n                                    <\/div>\n                                <\/a>\n                                                    <\/div>\n                                                    <div class=\"product-details__wrapper-col-item-description\">\n                                <strong>K\u00f6mmerling 88 MD <\/strong>\u2013 Premium-System \u2013 7-Kammer-System mit Mitteldichtung und hervorragenden W\u00e4rmed\u00e4mmwerten. Dank speziell entwickelten und perfekt angepassten Stahlverst\u00e4rkungen sind praktisch alle Konstruktionen realisierbar. <strong>K\u00f6mmerling 88 MD <\/strong>ist eine neue Profilgeneration, die speziell f\u00fcr energieeffiziente und passive H\u00e4user entwickelt wurde.                            <\/div>\n                                                                                                    <ul class=\"product-details__wrapper-col-item-list\">\n                                                                    <li class=\"product-details__wrapper-col-item-list-item\">\n                                        Pflegeleicht \u2013 witterungsbest\u00e4ndige und kratzfeste Oberfl\u00e4che der Profile                                    <\/li>\n                                                                    <li class=\"product-details__wrapper-col-item-list-item\">\n                                        H\u00f6here Dichtheit \u2013 drei Dichtungsebenen verhindern wirksam Zugluft und sch\u00fctzen vor Staub und Regen.                                    <\/li>\n                                                                    <li class=\"product-details__wrapper-col-item-list-item\">\n                                        Verbesserung des Wohnkomforts \u2013 Schutz vor L\u00e4rm. Schalld\u00e4mmung bis zu 48 dB                                    <\/li>\n                                                                    <li class=\"product-details__wrapper-col-item-list-item\">\n                                        Breites Profilangebot \u2013 M\u00f6glichkeit der Fertigung beliebiger Fenster, Eingangst\u00fcren, Terrassenfenster oder Hebe-Schiebe-Konstruktionen                                    <\/li>\n                                                                    <li class=\"product-details__wrapper-col-item-list-item\">\n                                        Eine breite Farbpalette, die durch die Einf\u00e4rbung der Profile und die Verwendung von Furnieren mit glatter oder holz\u00e4hnlicher Struktur erzielt wird. M\u00f6glichkeit der Verwendung von AluClip-Aluminiumaufs\u00e4tzen in jeder RAL-Farbe.                                    <\/li>\n                                                                    <li class=\"product-details__wrapper-col-item-list-item\">\n                                        Breites Verglasungsangebot \u2013 M\u00f6glichkeit der Verwendung von Dreifachverglasungen und Spezialverglasungen mit einer Dicke von bis zu 56 mm                                    <\/li>\n                                                                    <li class=\"product-details__wrapper-col-item-list-item\">\n                                        Die durchdachte Konstruktion der verwendeten Stahlverst\u00e4rkungen garantiert eine hohe Steifigkeit der Fl\u00fcgel und deren volle Funktionalit\u00e4t.                                    <\/li>\n                                                                    <li class=\"product-details__wrapper-col-item-list-item\">\n                                        Einsetzbar in Passivh\u00e4usern gem\u00e4\u00df ift-Richtlinie WA-15\/2                                    <\/li>\n                                                                    <li class=\"product-details__wrapper-col-item-list-item\">\n                                        Hervorragende W\u00e4rmed\u00e4mmwerte                                    <\/li>\n                                                                    <li class=\"product-details__wrapper-col-item-list-item\">\n                                        Verwendung von recycelten Materialien                                    <\/li>\n                                                                    <li class=\"product-details__wrapper-col-item-list-item\">\n                                        Umweltfreundliche Stabilisatoren ohne Blei                                    <\/li>\n                                                            <\/ul>\n                                            <\/div>\n                <\/div>\n                    <\/div>\n    <\/section>\n","protected":false},"excerpt":{"rendered":"<p>K\u00d6MMERLING 88 Premium ist ein Fenstersystem der neuen Generation, das die Standards in der W\u00e4rmed\u00e4mmung \u00fcbertrifft und neue Trends im Design setzt. Die innovative Technologie \u00fcberwindet Grenzen \u2013 sie sorgt f\u00fcr absolute Individualit\u00e4t, hervorragende Qualit\u00e4t und Sicherheit.<\/p>\n","protected":false},"author":1,"featured_media":1939,"menu_order":0,"comment_status":"open","ping_status":"open","template":"","format":"standard","meta":{"_acf_changed":false,"footnotes":""},"product_category":[134,139],"class_list":["post-2475","product","type-product","status-publish","format-standard","has-post-thumbnail","hentry","product_category-fenster","product_category-pvc-de-3"],"acf":[],"_links":{"self":[{"href":"https:\/\/bewi.com.pl\/de\/wp-json\/wp\/v2\/product\/2475","targetHints":{"allow":["GET"]}}],"collection":[{"href":"https:\/\/bewi.com.pl\/de\/wp-json\/wp\/v2\/product"}],"about":[{"href":"https:\/\/bewi.com.pl\/de\/wp-json\/wp\/v2\/types\/product"}],"author":[{"embeddable":true,"href":"https:\/\/bewi.com.pl\/de\/wp-json\/wp\/v2\/users\/1"}],"replies":[{"embeddable":true,"href":"https:\/\/bewi.com.pl\/de\/wp-json\/wp\/v2\/comments?post=2475"}],"version-history":[{"count":1,"href":"https:\/\/bewi.com.pl\/de\/wp-json\/wp\/v2\/product\/2475\/revisions"}],"predecessor-version":[{"id":2682,"href":"https:\/\/bewi.com.pl\/de\/wp-json\/wp\/v2\/product\/2475\/revisions\/2682"}],"wp:featuredmedia":[{"embeddable":true,"href":"https:\/\/bewi.com.pl\/de\/wp-json\/wp\/v2\/media\/1939"}],"wp:attachment":[{"href":"https:\/\/bewi.com.pl\/de\/wp-json\/wp\/v2\/media?parent=2475"}],"wp:term":[{"taxonomy":"product_category","embeddable":true,"href":"https:\/\/bewi.com.pl\/de\/wp-json\/wp\/v2\/product_category?post=2475"}],"curies":[{"name":"wp","href":"https:\/\/api.w.org\/{rel}","templated":true}]}}