{"id":2477,"date":"2025-07-15T09:16:43","date_gmt":"2025-07-15T07:16:43","guid":{"rendered":"https:\/\/bewi.com.pl\/produkt\/premidoor-88\/"},"modified":"2025-08-22T10:42:39","modified_gmt":"2025-08-22T08:42:39","slug":"premidoor-88","status":"publish","type":"product","link":"https:\/\/bewi.com.pl\/de\/produkt\/premidoor-88\/","title":{"rendered":"PremiDoor 88"},"content":{"rendered":"\n    <section class=\"product-details wp-block-uniquedevs-product-details\">\n        <div class=\"product-details__wrapper product-details__wrapper--1\">\n                            <div class=\"product-details__wrapper-col full-width\">\n                    <div class=\"product-details__wrapper-col-item\">\n                                                    <div class=\"product-details__wrapper-col-item-subtitle\">\n                                PremiDoor                            <\/div>\n                                                <div class=\"product-details__wrapper-col-item-top\">\n                                                            <div class=\"product-details__wrapper-col-item-top-title\">\n                                    88                                <\/div>\n                                                                                        <a href=\"https:\/\/bewi.com.pl\/wp-content\/uploads\/2025\/07\/Koemmerling-88-PremiDoor-Standard-Prospekt-2411160310-0123-web.pdf\" class=\"product-details__wrapper-col-item-top-button\" target=\"_blank\">\n                                    <div class=\"product-details__wrapper-col-item-top-button-text\">\n                                        Herunterladen                                    <\/div>\n                                    <div class=\"product-details__wrapper-col-item-top-button-icon\">\n                                        <img decoding=\"async\" src=\"https:\/\/bewi.com.pl\/wp-content\/uploads\/2025\/05\/pdf.svg\" alt=\"\">\n                                    <\/div>\n                                <\/a>\n                                                    <\/div>\n                                                    <div class=\"product-details__wrapper-col-item-description\">\n                                Die Attraktivit\u00e4t des Systems <strong>PremiDoor 88<\/strong> liegt nicht nur in der M\u00f6glichkeit, riesige Konstruktionen zu realisieren, sondern vor allem in der \u00e4u\u00dferst einfachen Bedienung der T\u00fcren. Durch die M\u00f6glichkeit, gro\u00dfe T\u00fcrfl\u00fcgel leicht zu \u00f6ffnen, wirken der Innenraum und der Au\u00dfenbereich wie eine Einheit. Trotz des hohen Gewichts der Konstruktion, z. B. bei Dreifachverglasungen, l\u00e4sst sich <strong>PremiDoor 88<\/strong> extrem leicht \u00f6ffnen und schlie\u00dfen. Die Verwendung spezieller Materialien in Verbindung mit modernster Technologie macht das System <strong>PremiDoor 88 <\/strong>einzigartig!<br>Das System <strong>PremiDoor 88<\/strong> besticht nicht nur durch seine \u00e4u\u00dferst attraktive Optik, sondern auch durch seine hervorragenden W\u00e4rmed\u00e4mmwerte. Dank der gro\u00dfen Glasfl\u00e4chen werden hohe solare Energiegewinne erzielt. Mehr Licht, mehr W\u00e4rme, mehr Modernit\u00e4t und damit mehr Wohnkomfort und Wohlbefinden!                            <\/div>\n                                                                                                    <ul class=\"product-details__wrapper-col-item-list\">\n                                                                    <li class=\"product-details__wrapper-col-item-list-item\">\n                                        Der W\u00e4rmedurchgangskoeffizient Uf = 1,2 &#8211; 1,3 W\/(m\u00b2K), w\u00e4hrend der Ud-Wert f\u00fcr das Referenzfenster einen Wert von bis zu 0,8 W\/(m\u00b2K) erreicht.                                    <\/li>\n                                                                    <li class=\"product-details__wrapper-col-item-list-item\">\n                                        Positive Energiebilanz mit deutlicher Reduzierung der CO2-Emissionen                                    <\/li>\n                                                                    <li class=\"product-details__wrapper-col-item-list-item\">\n                                        Hervorragende Stabilit\u00e4t der Profile in hohen Hebe-Schiebet\u00fcrkonstruktionen                                    <\/li>\n                                                                    <li class=\"product-details__wrapper-col-item-list-item\">\n                                        Die schmale Sichtbreite der Profile sorgt f\u00fcr maximale Sonneneinstrahlung und hohe solare Energiegewinne.                                    <\/li>\n                                                                    <li class=\"product-details__wrapper-col-item-list-item\">\n                                        Hohe mechanische Festigkeit der Konstruktion                                    <\/li>\n                                                                    <li class=\"product-details__wrapper-col-item-list-item\">\n                                        Tragf\u00e4higkeit bis zu 400 kg (abh\u00e4ngig von den Beschl\u00e4gen)                                    <\/li>\n                                                            <\/ul>\n                                            <\/div>\n                <\/div>\n                    <\/div>\n    <\/section>\n","protected":false},"excerpt":{"rendered":"<p>PremiDoor 88 \u2013 Mehr Licht, mehr W\u00e4rme, mehr Modernit\u00e4t!<\/p>\n","protected":false},"author":1,"featured_media":1943,"menu_order":0,"comment_status":"open","ping_status":"open","template":"","format":"standard","meta":{"_acf_changed":false,"footnotes":""},"product_category":[134,139],"class_list":["post-2477","product","type-product","status-publish","format-standard","has-post-thumbnail","hentry","product_category-fenster","product_category-pvc-de-3"],"acf":[],"_links":{"self":[{"href":"https:\/\/bewi.com.pl\/de\/wp-json\/wp\/v2\/product\/2477","targetHints":{"allow":["GET"]}}],"collection":[{"href":"https:\/\/bewi.com.pl\/de\/wp-json\/wp\/v2\/product"}],"about":[{"href":"https:\/\/bewi.com.pl\/de\/wp-json\/wp\/v2\/types\/product"}],"author":[{"embeddable":true,"href":"https:\/\/bewi.com.pl\/de\/wp-json\/wp\/v2\/users\/1"}],"replies":[{"embeddable":true,"href":"https:\/\/bewi.com.pl\/de\/wp-json\/wp\/v2\/comments?post=2477"}],"version-history":[{"count":1,"href":"https:\/\/bewi.com.pl\/de\/wp-json\/wp\/v2\/product\/2477\/revisions"}],"predecessor-version":[{"id":2684,"href":"https:\/\/bewi.com.pl\/de\/wp-json\/wp\/v2\/product\/2477\/revisions\/2684"}],"wp:featuredmedia":[{"embeddable":true,"href":"https:\/\/bewi.com.pl\/de\/wp-json\/wp\/v2\/media\/1943"}],"wp:attachment":[{"href":"https:\/\/bewi.com.pl\/de\/wp-json\/wp\/v2\/media?parent=2477"}],"wp:term":[{"taxonomy":"product_category","embeddable":true,"href":"https:\/\/bewi.com.pl\/de\/wp-json\/wp\/v2\/product_category?post=2477"}],"curies":[{"name":"wp","href":"https:\/\/api.w.org\/{rel}","templated":true}]}}