{"id":2481,"date":"2025-07-15T10:30:33","date_gmt":"2025-07-15T08:30:33","guid":{"rendered":"https:\/\/bewi.com.pl\/produkt\/yawal-tm-62\/"},"modified":"2025-08-22T10:45:32","modified_gmt":"2025-08-22T08:45:32","slug":"yawal-tm-62","status":"publish","type":"product","link":"https:\/\/bewi.com.pl\/de\/produkt\/yawal-tm-62\/","title":{"rendered":"YAWAL tm 62"},"content":{"rendered":"\n    <section class=\"product-details wp-block-uniquedevs-product-details\">\n        <div class=\"product-details__wrapper product-details__wrapper--1\">\n                            <div class=\"product-details__wrapper-col full-width\">\n                    <div class=\"product-details__wrapper-col-item\">\n                                                    <div class=\"product-details__wrapper-col-item-subtitle\">\n                                YAWAL                            <\/div>\n                                                <div class=\"product-details__wrapper-col-item-top\">\n                                                            <div class=\"product-details__wrapper-col-item-top-title\">\n                                    tm 62                                <\/div>\n                                                                                        <a href=\"https:\/\/bewi.com.pl\/wp-content\/uploads\/2025\/07\/tm62-1.pdf\" class=\"product-details__wrapper-col-item-top-button\" target=\"_blank\">\n                                    <div class=\"product-details__wrapper-col-item-top-button-text\">\n                                        Herunterladen                                    <\/div>\n                                    <div class=\"product-details__wrapper-col-item-top-button-icon\">\n                                        <img decoding=\"async\" src=\"https:\/\/bewi.com.pl\/wp-content\/uploads\/2025\/05\/pdf.svg\" alt=\"\">\n                                    <\/div>\n                                <\/a>\n                                                    <\/div>\n                                                    <div class=\"product-details__wrapper-col-item-description\">\n                                <strong>Das System TM 62 bietet verst\u00e4rkte Profile f\u00fcr verschiedene Verwendungszwecke, die eine Anpassung an Fenster jeder Gr\u00f6\u00dfe erm\u00f6glichen. Die Vielseitigkeit der L\u00f6sungen und die optimale W\u00e4rmed\u00e4mmung machen es zu einer multifunktionalen L\u00f6sung.<\/strong><br>Das System YAWAL TM62 ist in den Farben der RAL-Palette erh\u00e4ltlich.                            <\/div>\n                                                                            <div class=\"product-details__wrapper-col-item-list-title\">\n                                Konstrukcja serii <strong>TM 62<\/strong> ist:                            <\/div>\n                                                                            <ul class=\"product-details__wrapper-col-item-list\">\n                                                                    <li class=\"product-details__wrapper-col-item-list-item\">\n                                        M\u00f6glichkeit der Herstellung von Konstruktionen mit erh\u00f6hter Einbruchhemmung                                    <\/li>\n                                                                    <li class=\"product-details__wrapper-col-item-list-item\">\n                                        Erstellung von Konstruktionss\u00e4tzen, die in beliebigen Winkeln miteinander verbunden werden k\u00f6nnen                                    <\/li>\n                                                                    <li class=\"product-details__wrapper-col-item-list-item\">\n                                        Profile mit Biegem\u00f6glichkeit                                    <\/li>\n                                                                    <li class=\"product-details__wrapper-col-item-list-item\">\n                                        M\u00f6glichkeit der Ausf\u00fchrung verschiedener F\u00fcllungen.                                    <\/li>\n                                                            <\/ul>\n                                            <\/div>\n                <\/div>\n                    <\/div>\n    <\/section>\n","protected":false},"excerpt":{"rendered":"<p>Yawal TM 62 ist ein dreikammeriges Aluminiumprofilsystem f\u00fcr den Einbau moderner Fenster und T\u00fcren. Es zeichnet sich durch optimale W\u00e4rmed\u00e4mmung aus. TM 62 ist die ideale L\u00f6sung u. a. f\u00fcr \u00f6ffentliche Geb\u00e4ude, Objekte mit hohem Verkehrsaufkommen und Wohngeb\u00e4ude.<\/p>\n","protected":false},"author":1,"featured_media":1953,"menu_order":0,"comment_status":"open","ping_status":"open","template":"","format":"standard","meta":{"_acf_changed":false,"footnotes":""},"product_category":[136,134],"class_list":["post-2481","product","type-product","status-publish","format-standard","has-post-thumbnail","hentry","product_category-aluminium-de-3","product_category-fenster"],"acf":[],"_links":{"self":[{"href":"https:\/\/bewi.com.pl\/de\/wp-json\/wp\/v2\/product\/2481","targetHints":{"allow":["GET"]}}],"collection":[{"href":"https:\/\/bewi.com.pl\/de\/wp-json\/wp\/v2\/product"}],"about":[{"href":"https:\/\/bewi.com.pl\/de\/wp-json\/wp\/v2\/types\/product"}],"author":[{"embeddable":true,"href":"https:\/\/bewi.com.pl\/de\/wp-json\/wp\/v2\/users\/1"}],"replies":[{"embeddable":true,"href":"https:\/\/bewi.com.pl\/de\/wp-json\/wp\/v2\/comments?post=2481"}],"version-history":[{"count":1,"href":"https:\/\/bewi.com.pl\/de\/wp-json\/wp\/v2\/product\/2481\/revisions"}],"predecessor-version":[{"id":2687,"href":"https:\/\/bewi.com.pl\/de\/wp-json\/wp\/v2\/product\/2481\/revisions\/2687"}],"wp:featuredmedia":[{"embeddable":true,"href":"https:\/\/bewi.com.pl\/de\/wp-json\/wp\/v2\/media\/1953"}],"wp:attachment":[{"href":"https:\/\/bewi.com.pl\/de\/wp-json\/wp\/v2\/media?parent=2481"}],"wp:term":[{"taxonomy":"product_category","embeddable":true,"href":"https:\/\/bewi.com.pl\/de\/wp-json\/wp\/v2\/product_category?post=2481"}],"curies":[{"name":"wp","href":"https:\/\/api.w.org\/{rel}","templated":true}]}}