{"id":2485,"date":"2025-07-15T10:40:52","date_gmt":"2025-07-15T08:40:52","guid":{"rendered":"https:\/\/bewi.com.pl\/produkt\/yawal-tm-75-ei\/"},"modified":"2025-08-22T10:47:09","modified_gmt":"2025-08-22T08:47:09","slug":"yawal-tm-75-ei","status":"publish","type":"product","link":"https:\/\/bewi.com.pl\/de\/produkt\/yawal-tm-75-ei\/","title":{"rendered":"YAWAL tm 75 ei"},"content":{"rendered":"\n    <section class=\"product-details wp-block-uniquedevs-product-details\">\n        <div class=\"product-details__wrapper product-details__wrapper--1\">\n                            <div class=\"product-details__wrapper-col full-width\">\n                    <div class=\"product-details__wrapper-col-item\">\n                                                    <div class=\"product-details__wrapper-col-item-subtitle\">\n                                YAWAL                            <\/div>\n                                                <div class=\"product-details__wrapper-col-item-top\">\n                                                            <div class=\"product-details__wrapper-col-item-top-title\">\n                                    tm 75 ei                                <\/div>\n                                                                                        <a href=\"https:\/\/bewi.com.pl\/wp-content\/uploads\/2025\/07\/tm77hi.pdf\" class=\"product-details__wrapper-col-item-top-button\" target=\"_blank\">\n                                    <div class=\"product-details__wrapper-col-item-top-button-text\">\n                                        Herunterladen                                    <\/div>\n                                    <div class=\"product-details__wrapper-col-item-top-button-icon\">\n                                        <img decoding=\"async\" src=\"https:\/\/bewi.com.pl\/wp-content\/uploads\/2025\/05\/pdf.svg\" alt=\"\">\n                                    <\/div>\n                                <\/a>\n                                                    <\/div>\n                                                    <div class=\"product-details__wrapper-col-item-description\">\n                                <strong>Das System TM75EI erm\u00f6glicht die Herstellung rauchdichter Konstruktionen. Die w\u00e4rmeged\u00e4mmten Profile des Systems TM 75EI bestehen aus zwei Aluminiumteilen, die durch thermische Trennlagen voneinander getrennt sind. Die Isolierung in den Profilen \u00fcbernehmen 32 mm breite thermische Trennlagen. Die Profile werden in zwei Ausf\u00fchrungen hergestellt, die sich durch den F\u00fcllgrad der Aluminiumprofile mit Isolier- und Brandschutzelementen unterscheiden.<\/strong><br>Das System <strong>YAWAL 75EI<\/strong> ist in den Farben der RAL-Palette erh\u00e4ltlich.                            <\/div>\n                                                                            <div class=\"product-details__wrapper-col-item-list-title\">\n                                <strong>YAWAL TM75EI <\/strong>ist:                            <\/div>\n                                                                            <ul class=\"product-details__wrapper-col-item-list\">\n                                                                    <li class=\"product-details__wrapper-col-item-list-item\">\n                                        Klassifizierung des Systems als rauchdicht in Klasse Sa, S200                                    <\/li>\n                                                                    <li class=\"product-details__wrapper-col-item-list-item\">\n                                        Klassifizierung von Materialien als nicht brennbar (NRO),                                    <\/li>\n                                                                    <li class=\"product-details__wrapper-col-item-list-item\">\n                                        gro\u00dfe Auswahl an Konstruktionsl\u00f6sungen, von Trennw\u00e4nden \u00fcber Vitrinen und ein- und zweifl\u00fcgelige T\u00fcren (ausf\u00fchrbar mit Oberlichtern und Seitenw\u00e4nden),                                    <\/li>\n                                                                    <li class=\"product-details__wrapper-col-item-list-item\">\n                                        Breites Sortiment an F\u00fcllungen mit einer Dicke von bis zu 62 mm.                                    <\/li>\n                                                            <\/ul>\n                                            <\/div>\n                <\/div>\n                    <\/div>\n    <\/section>\n","protected":false},"excerpt":{"rendered":"<p>Das System dient zur Herstellung von Brandschutzw\u00e4nden und -t\u00fcren der Feuerwiderstandsklassen El 15 bis El 60, die als Au\u00dfen- und Innenbrandschutzw\u00e4nde eingesetzt werden.<\/p>\n","protected":false},"author":1,"featured_media":1961,"menu_order":0,"comment_status":"open","ping_status":"open","template":"","format":"standard","meta":{"_acf_changed":false,"footnotes":""},"product_category":[136,134],"class_list":["post-2485","product","type-product","status-publish","format-standard","has-post-thumbnail","hentry","product_category-aluminium-de-3","product_category-fenster"],"acf":[],"_links":{"self":[{"href":"https:\/\/bewi.com.pl\/de\/wp-json\/wp\/v2\/product\/2485","targetHints":{"allow":["GET"]}}],"collection":[{"href":"https:\/\/bewi.com.pl\/de\/wp-json\/wp\/v2\/product"}],"about":[{"href":"https:\/\/bewi.com.pl\/de\/wp-json\/wp\/v2\/types\/product"}],"author":[{"embeddable":true,"href":"https:\/\/bewi.com.pl\/de\/wp-json\/wp\/v2\/users\/1"}],"replies":[{"embeddable":true,"href":"https:\/\/bewi.com.pl\/de\/wp-json\/wp\/v2\/comments?post=2485"}],"version-history":[{"count":1,"href":"https:\/\/bewi.com.pl\/de\/wp-json\/wp\/v2\/product\/2485\/revisions"}],"predecessor-version":[{"id":2690,"href":"https:\/\/bewi.com.pl\/de\/wp-json\/wp\/v2\/product\/2485\/revisions\/2690"}],"wp:featuredmedia":[{"embeddable":true,"href":"https:\/\/bewi.com.pl\/de\/wp-json\/wp\/v2\/media\/1961"}],"wp:attachment":[{"href":"https:\/\/bewi.com.pl\/de\/wp-json\/wp\/v2\/media?parent=2485"}],"wp:term":[{"taxonomy":"product_category","embeddable":true,"href":"https:\/\/bewi.com.pl\/de\/wp-json\/wp\/v2\/product_category?post=2485"}],"curies":[{"name":"wp","href":"https:\/\/api.w.org\/{rel}","templated":true}]}}