{"id":2487,"date":"2025-07-15T10:49:59","date_gmt":"2025-07-15T08:49:59","guid":{"rendered":"https:\/\/bewi.com.pl\/produkt\/yawal-77hi\/"},"modified":"2025-08-22T10:48:16","modified_gmt":"2025-08-22T08:48:16","slug":"yawal-77hi","status":"publish","type":"product","link":"https:\/\/bewi.com.pl\/de\/produkt\/yawal-77hi\/","title":{"rendered":"YAWAL 77Hi"},"content":{"rendered":"\n    <section class=\"product-details wp-block-uniquedevs-product-details\">\n        <div class=\"product-details__wrapper product-details__wrapper--1\">\n                            <div class=\"product-details__wrapper-col full-width\">\n                    <div class=\"product-details__wrapper-col-item\">\n                                                    <div class=\"product-details__wrapper-col-item-subtitle\">\n                                YAWAL                            <\/div>\n                                                <div class=\"product-details__wrapper-col-item-top\">\n                                                            <div class=\"product-details__wrapper-col-item-top-title\">\n                                    77Hi                                <\/div>\n                                                                                        <a href=\"https:\/\/bewi.com.pl\/wp-content\/uploads\/2025\/07\/tm77hi2.pdf\" class=\"product-details__wrapper-col-item-top-button\" target=\"_blank\">\n                                    <div class=\"product-details__wrapper-col-item-top-button-text\">\n                                        Herunterladen                                    <\/div>\n                                    <div class=\"product-details__wrapper-col-item-top-button-icon\">\n                                        <img decoding=\"async\" src=\"https:\/\/bewi.com.pl\/wp-content\/uploads\/2025\/05\/pdf.svg\" alt=\"\">\n                                    <\/div>\n                                <\/a>\n                                                    <\/div>\n                                                    <div class=\"product-details__wrapper-col-item-description\">\n                                <strong>Durch den Einsatz von Abstandhaltern zwischen den Aluminiumprofilen wurden hervorragende W\u00e4rmed\u00e4mmwerte erzielt. Die W\u00e4rmed\u00e4mmung wird durch speziell f\u00fcr das System entwickelte Kammerw\u00e4rmed\u00e4mmstoffe mit F\u00fcllung gew\u00e4hrleistet.<\/strong><br>Das System <strong>YAWAL 77Hi<\/strong> ist in den Farben der RAL-Palette erh\u00e4ltlich.                            <\/div>\n                                                                            <div class=\"product-details__wrapper-col-item-list-title\">\n                                <strong>YAWAL 77Hi <\/strong>ist:                            <\/div>\n                                                                            <ul class=\"product-details__wrapper-col-item-list\">\n                                                                    <li class=\"product-details__wrapper-col-item-list-item\">\n                                        M\u00f6glichkeit einer erheblichen Senkung der Heizkosten                                    <\/li>\n                                                                    <li class=\"product-details__wrapper-col-item-list-item\">\n                                        M\u00f6glichkeit der Erstellung von Konstruktionen mit gro\u00dfen Fl\u00e4chen, die moderne Fassaden- und Innenraumgestaltungen erm\u00f6glichen                                    <\/li>\n                                                                    <li class=\"product-details__wrapper-col-item-list-item\">\n                                        Kompatibilit\u00e4t mit einer Reihe von Beschl\u00e4gen und Steuerungen                                    <\/li>\n                                                                    <li class=\"product-details__wrapper-col-item-list-item\">\n                                        M\u00f6glichkeit der Umsetzung moderner Konstruktionsl\u00f6sungen in verschiedenen Konfigurationen und Anordnungen                                    <\/li>\n                                                                    <li class=\"product-details__wrapper-col-item-list-item\">\n                                        M\u00f6glichkeit, einen hervorragenden W\u00e4rmedurchgangskoeffizienten von Uf=0,8-1,5 W\/m2K zu erreichen, dank der Verwendung einzigartiger W\u00e4rmed\u00e4mmungsl\u00f6sungen im System.                                    <\/li>\n                                                                    <li class=\"product-details__wrapper-col-item-list-item\">\n                                        M\u00f6glichkeit der Herstellung von Balkont\u00fcren mit niedriger Schwelle.                                    <\/li>\n                                                            <\/ul>\n                                            <\/div>\n                <\/div>\n                    <\/div>\n    <\/section>\n","protected":false},"excerpt":{"rendered":"<p>Das System TM 77HI ist eine sichere und innovative L\u00f6sung, die hervorragende Werte in Bezug auf W\u00e4rme- und Schalld\u00e4mmung, Wind- und Wasserschutz sowie Sicherheit bietet.<\/p>\n","protected":false},"author":1,"featured_media":1965,"menu_order":0,"comment_status":"open","ping_status":"open","template":"","format":"standard","meta":{"_acf_changed":false,"footnotes":""},"product_category":[136,134],"class_list":["post-2487","product","type-product","status-publish","format-standard","has-post-thumbnail","hentry","product_category-aluminium-de-3","product_category-fenster"],"acf":[],"_links":{"self":[{"href":"https:\/\/bewi.com.pl\/de\/wp-json\/wp\/v2\/product\/2487","targetHints":{"allow":["GET"]}}],"collection":[{"href":"https:\/\/bewi.com.pl\/de\/wp-json\/wp\/v2\/product"}],"about":[{"href":"https:\/\/bewi.com.pl\/de\/wp-json\/wp\/v2\/types\/product"}],"author":[{"embeddable":true,"href":"https:\/\/bewi.com.pl\/de\/wp-json\/wp\/v2\/users\/1"}],"replies":[{"embeddable":true,"href":"https:\/\/bewi.com.pl\/de\/wp-json\/wp\/v2\/comments?post=2487"}],"version-history":[{"count":1,"href":"https:\/\/bewi.com.pl\/de\/wp-json\/wp\/v2\/product\/2487\/revisions"}],"predecessor-version":[{"id":2692,"href":"https:\/\/bewi.com.pl\/de\/wp-json\/wp\/v2\/product\/2487\/revisions\/2692"}],"wp:featuredmedia":[{"embeddable":true,"href":"https:\/\/bewi.com.pl\/de\/wp-json\/wp\/v2\/media\/1965"}],"wp:attachment":[{"href":"https:\/\/bewi.com.pl\/de\/wp-json\/wp\/v2\/media?parent=2487"}],"wp:term":[{"taxonomy":"product_category","embeddable":true,"href":"https:\/\/bewi.com.pl\/de\/wp-json\/wp\/v2\/product_category?post=2487"}],"curies":[{"name":"wp","href":"https:\/\/api.w.org\/{rel}","templated":true}]}}