{"id":2489,"date":"2025-07-15T10:59:05","date_gmt":"2025-07-15T08:59:05","guid":{"rendered":"https:\/\/bewi.com.pl\/produkt\/yawal-tm-102hi\/"},"modified":"2025-08-22T10:49:23","modified_gmt":"2025-08-22T08:49:23","slug":"yawal-tm-102hi","status":"publish","type":"product","link":"https:\/\/bewi.com.pl\/de\/produkt\/yawal-tm-102hi\/","title":{"rendered":"YAWAL TM 102HI"},"content":{"rendered":"\n    <section class=\"product-details wp-block-uniquedevs-product-details\">\n        <div class=\"product-details__wrapper product-details__wrapper--1\">\n                            <div class=\"product-details__wrapper-col full-width\">\n                    <div class=\"product-details__wrapper-col-item\">\n                                                    <div class=\"product-details__wrapper-col-item-subtitle\">\n                                YAWAL                            <\/div>\n                                                <div class=\"product-details__wrapper-col-item-top\">\n                                                            <div class=\"product-details__wrapper-col-item-top-title\">\n                                    TM 102HI                                <\/div>\n                                                                                        <a href=\"https:\/\/bewi.com.pl\/wp-content\/uploads\/2025\/07\/tm102hi.pdf\" class=\"product-details__wrapper-col-item-top-button\" target=\"_blank\">\n                                    <div class=\"product-details__wrapper-col-item-top-button-text\">\n                                        Herunterladen                                    <\/div>\n                                    <div class=\"product-details__wrapper-col-item-top-button-icon\">\n                                        <img decoding=\"async\" src=\"https:\/\/bewi.com.pl\/wp-content\/uploads\/2025\/05\/pdf.svg\" alt=\"\">\n                                    <\/div>\n                                <\/a>\n                                                    <\/div>\n                                                    <div class=\"product-details__wrapper-col-item-description\">\n                                <strong>Es handelt sich um ein umfangreiches System aus Aluminiumprofilen f\u00fcr die Herstellung moderner Fenster, T\u00fcren und Vitrinen, die eine hohe W\u00e4rmed\u00e4mmung erfordern. Die innovative Konstruktion des Fensterfl\u00fcgels mit einem im Winkel zum Rahmen angeordneten Isolator sorgt f\u00fcr eine g\u00fcnstige Kraftverteilung im Profil. Dadurch konnten hochfeste Profile erzielt werden, die die Herstellung von Konstruktionen mit gro\u00dfen Abmessungen und hohem Gewicht erm\u00f6glichen. Im Rahmen des Systems bieten wir eine breite Palette an Verglasungen und die M\u00f6glichkeit, alle auf dem Markt erh\u00e4ltlichen Zwei- und Dreifachverglasungen zu montieren.<\/strong><br>Das System <strong>YAWAL TM102<\/strong> ist in den Farben der RAL-Palette erh\u00e4ltlich.                            <\/div>\n                                                                            <div class=\"product-details__wrapper-col-item-list-title\">\n                                <strong>YAWAL TM102 <\/strong>ist:                            <\/div>\n                                                                            <ul class=\"product-details__wrapper-col-item-list\">\n                                                                    <li class=\"product-details__wrapper-col-item-list-item\">\n                                        h\u00f6chste W\u00e4rmed\u00e4mmung,                                    <\/li>\n                                                                    <li class=\"product-details__wrapper-col-item-list-item\">\n                                        M\u00f6glichkeit der Herstellung von Konstruktionen mit gro\u00dfen Fl\u00e4chen,                                    <\/li>\n                                                                    <li class=\"product-details__wrapper-col-item-list-item\">\n                                        M\u00f6glichkeit der Verwendung der gesamten Palette der auf dem Markt erh\u00e4ltlichen Beschl\u00e4ge: ALU-Aufsatzbeschl\u00e4ge, PVC-Nut, verdeckte Scharniere, Stangenriegel in beliebiger Form, rostfreie T\u00fcrgriffe,                                    <\/li>\n                                                                    <li class=\"product-details__wrapper-col-item-list-item\">\n                                        ausgezeichnete Energieeffizienz und sehr hohe Wasserdichtigkeit dank der innovativen Konstruktion der Mitteldichtung,                                    <\/li>\n                                                                    <li class=\"product-details__wrapper-col-item-list-item\">\n                                        M\u00f6glichkeit der Herstellung von Balkont\u00fcren mit niedriger Schwelle,                                    <\/li>\n                                                                    <li class=\"product-details__wrapper-col-item-list-item\">\n                                        Modernes Design der Klappschl\u00f6sser in Verbindung mit neuen Dichtungen \u2013 M\u00f6glichkeit der Erzielung einer einzigen Ebene auf der Aluminiumlinie \u2013 Dichtung,                                    <\/li>\n                                                                    <li class=\"product-details__wrapper-col-item-list-item\">\n                                        Zus\u00e4tzliche Windd\u00e4mmung durch eine Dichtung an der Verbindungsstelle zwischen Glasleiste und Profil.                                    <\/li>\n                                                                    <li class=\"product-details__wrapper-col-item-list-item\">\n                                        M\u00f6glichkeit der Verbindung mit anderen Yawal-Systemen.                                    <\/li>\n                                                            <\/ul>\n                                            <\/div>\n                <\/div>\n                    <\/div>\n    <\/section>\n","protected":false},"excerpt":{"rendered":"<p>Das System YAWAL TM 102HI ist f\u00fcr energieeffizientes und passives Bauen konzipiert. Es eignet sich sowohl f\u00fcr \u00f6ffentliche Geb\u00e4ude als auch f\u00fcr Wohngeb\u00e4ude.<\/p>\n","protected":false},"author":1,"featured_media":1969,"menu_order":0,"comment_status":"open","ping_status":"open","template":"","format":"standard","meta":{"_acf_changed":false,"footnotes":""},"product_category":[136,134],"class_list":["post-2489","product","type-product","status-publish","format-standard","has-post-thumbnail","hentry","product_category-aluminium-de-3","product_category-fenster"],"acf":[],"_links":{"self":[{"href":"https:\/\/bewi.com.pl\/de\/wp-json\/wp\/v2\/product\/2489","targetHints":{"allow":["GET"]}}],"collection":[{"href":"https:\/\/bewi.com.pl\/de\/wp-json\/wp\/v2\/product"}],"about":[{"href":"https:\/\/bewi.com.pl\/de\/wp-json\/wp\/v2\/types\/product"}],"author":[{"embeddable":true,"href":"https:\/\/bewi.com.pl\/de\/wp-json\/wp\/v2\/users\/1"}],"replies":[{"embeddable":true,"href":"https:\/\/bewi.com.pl\/de\/wp-json\/wp\/v2\/comments?post=2489"}],"version-history":[{"count":1,"href":"https:\/\/bewi.com.pl\/de\/wp-json\/wp\/v2\/product\/2489\/revisions"}],"predecessor-version":[{"id":2694,"href":"https:\/\/bewi.com.pl\/de\/wp-json\/wp\/v2\/product\/2489\/revisions\/2694"}],"wp:featuredmedia":[{"embeddable":true,"href":"https:\/\/bewi.com.pl\/de\/wp-json\/wp\/v2\/media\/1969"}],"wp:attachment":[{"href":"https:\/\/bewi.com.pl\/de\/wp-json\/wp\/v2\/media?parent=2489"}],"wp:term":[{"taxonomy":"product_category","embeddable":true,"href":"https:\/\/bewi.com.pl\/de\/wp-json\/wp\/v2\/product_category?post=2489"}],"curies":[{"name":"wp","href":"https:\/\/api.w.org\/{rel}","templated":true}]}}