{"id":2512,"date":"2025-07-15T11:39:08","date_gmt":"2025-07-15T09:39:08","guid":{"rendered":"https:\/\/bewi.com.pl\/produkt\/kommerling-76\/"},"modified":"2025-08-22T10:53:19","modified_gmt":"2025-08-22T08:53:19","slug":"kommerling-76","status":"publish","type":"product","link":"https:\/\/bewi.com.pl\/de\/produkt\/kommerling-76\/","title":{"rendered":"K\u00d6MMERLING 76"},"content":{"rendered":"\n    <section class=\"product-details wp-block-uniquedevs-product-details\">\n        <div class=\"product-details__wrapper product-details__wrapper--1\">\n                            <div class=\"product-details__wrapper-col full-width\">\n                    <div class=\"product-details__wrapper-col-item\">\n                                                    <div class=\"product-details__wrapper-col-item-subtitle\">\n                                K\u00d6MMERLING                            <\/div>\n                                                <div class=\"product-details__wrapper-col-item-top\">\n                                                            <div class=\"product-details__wrapper-col-item-top-title\">\n                                    76                                <\/div>\n                                                                                        <a href=\"https:\/\/bewi.com.pl\/wp-content\/uploads\/2025\/07\/koe76md24.pdf\" class=\"product-details__wrapper-col-item-top-button\" target=\"_blank\">\n                                    <div class=\"product-details__wrapper-col-item-top-button-text\">\n                                        Herunterladen                                    <\/div>\n                                    <div class=\"product-details__wrapper-col-item-top-button-icon\">\n                                        <img decoding=\"async\" src=\"https:\/\/bewi.com.pl\/wp-content\/uploads\/2025\/05\/pdf.svg\" alt=\"\">\n                                    <\/div>\n                                <\/a>\n                                                    <\/div>\n                                                    <div class=\"product-details__wrapper-col-item-description\">\n                                <strong><strong>Im System K\u00d6MMERLING 76 k\u00f6nnen moderne 3-Scheiben-Glaspakete mit Spezialgl\u00e4sern bis zu einer Breite von 48 mm eingebaut werden. Das Ergebnis: Es entstehen keine W\u00e4rmeverluste, und durch die gro\u00dfen Fensterfl\u00e4chen gelangt die Sonnenw\u00e4rme in den Raum. Es gibt keine bessere und einfachere M\u00f6glichkeit, Energie zu sparen!<\/strong><\/strong>                            <\/div>\n                                                                            <div class=\"product-details__wrapper-col-item-list-title\">\n                                <strong>K\u00d6MMERLING 76 <\/strong>ist:                            <\/div>\n                                                                            <ul class=\"product-details__wrapper-col-item-list\">\n                                                                    <li class=\"product-details__wrapper-col-item-list-item\">\n                                        System mit einer Bautiefe von 76 mm und einer Mitteldichtung mit h\u00f6chster W\u00e4rmed\u00e4mmung \u2013 Uf-Wert bis zu 1,0 W\/(m2K) in der Standardausf\u00fchrung, Uw-Wert f\u00fcr das Referenzfenster bis zu 0,73 W\/(m2K),                                    <\/li>\n                                                                    <li class=\"product-details__wrapper-col-item-list-item\">\n                                        Breites Spektrum an Fensterpaketen bis zu 48 mm \u2013 moderne Dreifachverglasung oder M\u00f6glichkeit der Verwendung von Spezialverglasungen,                                    <\/li>\n                                                                    <li class=\"product-details__wrapper-col-item-list-item\">\n                                        modernste Klebetechnologien.                                    <\/li>\n                                                            <\/ul>\n                                            <\/div>\n                <\/div>\n                    <\/div>\n    <\/section>\n","protected":false},"excerpt":{"rendered":"<p>K\u00d6MMERLING 76 ist eine neue Generation von PVC-Fenstern und -T\u00fcren, die alle oben genannten Anforderungen erf\u00fcllt. So wird Energie ganz von selbst gespart \u2013 und das bei einer perfekt eleganten Profiloptik.<\/p>\n","protected":false},"author":1,"featured_media":1981,"menu_order":0,"comment_status":"open","ping_status":"open","template":"","format":"standard","meta":{"_acf_changed":false,"footnotes":""},"product_category":[113,99],"class_list":["post-2512","product","type-product","status-publish","format-standard","has-post-thumbnail","hentry","product_category-pvc-de-2","product_category-tueren"],"acf":[],"_links":{"self":[{"href":"https:\/\/bewi.com.pl\/de\/wp-json\/wp\/v2\/product\/2512","targetHints":{"allow":["GET"]}}],"collection":[{"href":"https:\/\/bewi.com.pl\/de\/wp-json\/wp\/v2\/product"}],"about":[{"href":"https:\/\/bewi.com.pl\/de\/wp-json\/wp\/v2\/types\/product"}],"author":[{"embeddable":true,"href":"https:\/\/bewi.com.pl\/de\/wp-json\/wp\/v2\/users\/1"}],"replies":[{"embeddable":true,"href":"https:\/\/bewi.com.pl\/de\/wp-json\/wp\/v2\/comments?post=2512"}],"version-history":[{"count":2,"href":"https:\/\/bewi.com.pl\/de\/wp-json\/wp\/v2\/product\/2512\/revisions"}],"predecessor-version":[{"id":2701,"href":"https:\/\/bewi.com.pl\/de\/wp-json\/wp\/v2\/product\/2512\/revisions\/2701"}],"wp:featuredmedia":[{"embeddable":true,"href":"https:\/\/bewi.com.pl\/de\/wp-json\/wp\/v2\/media\/1981"}],"wp:attachment":[{"href":"https:\/\/bewi.com.pl\/de\/wp-json\/wp\/v2\/media?parent=2512"}],"wp:term":[{"taxonomy":"product_category","embeddable":true,"href":"https:\/\/bewi.com.pl\/de\/wp-json\/wp\/v2\/product_category?post=2512"}],"curies":[{"name":"wp","href":"https:\/\/api.w.org\/{rel}","templated":true}]}}