{"id":2518,"date":"2025-07-15T12:14:28","date_gmt":"2025-07-15T10:14:28","guid":{"rendered":"https:\/\/bewi.com.pl\/produkt\/yawal-tm-74-2\/"},"modified":"2025-08-22T10:56:48","modified_gmt":"2025-08-22T08:56:48","slug":"yawal-tm-74-2","status":"publish","type":"product","link":"https:\/\/bewi.com.pl\/de\/produkt\/yawal-tm-74-2\/","title":{"rendered":"YAWAL TM 74"},"content":{"rendered":"\n    <section class=\"product-details wp-block-uniquedevs-product-details\">\n        <div class=\"product-details__wrapper product-details__wrapper--1\">\n                            <div class=\"product-details__wrapper-col full-width\">\n                    <div class=\"product-details__wrapper-col-item\">\n                                                    <div class=\"product-details__wrapper-col-item-subtitle\">\n                                YAWAL                            <\/div>\n                                                <div class=\"product-details__wrapper-col-item-top\">\n                                                            <div class=\"product-details__wrapper-col-item-top-title\">\n                                    TM 74                                <\/div>\n                                                                                        <a href=\"https:\/\/bewi.com.pl\/wp-content\/uploads\/2025\/07\/tm74hi-1.pdf\" class=\"product-details__wrapper-col-item-top-button\" target=\"_blank\">\n                                    <div class=\"product-details__wrapper-col-item-top-button-text\">\n                                        Herunterladen                                    <\/div>\n                                    <div class=\"product-details__wrapper-col-item-top-button-icon\">\n                                        <img decoding=\"async\" src=\"https:\/\/bewi.com.pl\/wp-content\/uploads\/2025\/05\/pdf.svg\" alt=\"\">\n                                    <\/div>\n                                <\/a>\n                                                    <\/div>\n                                                    <div class=\"product-details__wrapper-col-item-description\">\n                                <strong><strong>Die im System verwendeten W\u00e4rmed\u00e4mmstoffe (aus glasfaserverst\u00e4rktem Polyamid) und der Raum zwischen ihnen wurden zus\u00e4tzlich mit Polyurethanschaum gef\u00fcllt. Das System erm\u00f6glicht die Herstellung von Konstruktionen mit gro\u00dfen Abmessungen, da sowohl au\u00dfen als auch innen verst\u00e4rkte Profile verwendet werden.<\/strong><\/strong>                            <\/div>\n                                                                            <div class=\"product-details__wrapper-col-item-list-title\">\n                                <strong>YAWAL TM 74<\/strong> drzwi\u00a0ist:                            <\/div>\n                                                                            <ul class=\"product-details__wrapper-col-item-list\">\n                                                                    <li class=\"product-details__wrapper-col-item-list-item\">\n                                        Optimierung der Betriebskosten von Geb\u00e4uden dank erh\u00f6hter W\u00e4rmed\u00e4mmung der Profile,                                    <\/li>\n                                                                    <li class=\"product-details__wrapper-col-item-list-item\">\n                                        M\u00f6glichkeit der Umsetzung moderner Fensterkonstruktionsl\u00f6sungen in verschiedenen Konfigurationen,                                    <\/li>\n                                                                    <li class=\"product-details__wrapper-col-item-list-item\">\n                                        die M\u00f6glichkeit, Profile zu biegen,                                    <\/li>\n                                                                    <li class=\"product-details__wrapper-col-item-list-item\">\n                                        M\u00f6glichkeit der Installation von Fenstern in Fassadensystemen,                                    <\/li>\n                                                                    <li class=\"product-details__wrapper-col-item-list-item\">\n                                        M\u00f6glichkeit zum Bau von Konstruktionen, die in jedem beliebigen Winkel miteinander verbunden werden k\u00f6nnen,                                    <\/li>\n                                                                    <li class=\"product-details__wrapper-col-item-list-item\">\n                                        M\u00f6glichkeit der Verwendung einer ganzen Reihe moderner Beschl\u00e4ge und individueller T\u00fcrgriffe oder Handl\u00e4ufe dank der Verwendung von Profilen unterschiedlicher Breite,                                    <\/li>\n                                                                    <li class=\"product-details__wrapper-col-item-list-item\">\n                                        M\u00f6glichkeit der Verwendung von verdeckten Scharnieren und ferngesteuerten Schl\u00f6ssern dank der verwendeten Profilbreiten,                                    <\/li>\n                                                                    <li class=\"product-details__wrapper-col-item-list-item\">\n                                        M\u00f6glichkeit der Verbindung mit anderen Yawal-Systemen.                                    <\/li>\n                                                            <\/ul>\n                                            <\/div>\n                <\/div>\n                    <\/div>\n    <\/section>\n","protected":false},"excerpt":{"rendered":"<p>Das System dient zur Konstruktion von T\u00fcren mit hohen W\u00e4rmed\u00e4mmwerten f\u00fcr den Einsatz in Wohngeb\u00e4uden, \u00f6ffentlichen Geb\u00e4uden und Industriegeb\u00e4uden.<\/p>\n","protected":false},"author":1,"featured_media":1993,"menu_order":0,"comment_status":"open","ping_status":"open","template":"","format":"standard","meta":{"_acf_changed":false,"footnotes":""},"product_category":[100,99],"class_list":["post-2518","product","type-product","status-publish","format-standard","has-post-thumbnail","hentry","product_category-aluminium-de","product_category-tueren"],"acf":[],"_links":{"self":[{"href":"https:\/\/bewi.com.pl\/de\/wp-json\/wp\/v2\/product\/2518","targetHints":{"allow":["GET"]}}],"collection":[{"href":"https:\/\/bewi.com.pl\/de\/wp-json\/wp\/v2\/product"}],"about":[{"href":"https:\/\/bewi.com.pl\/de\/wp-json\/wp\/v2\/types\/product"}],"author":[{"embeddable":true,"href":"https:\/\/bewi.com.pl\/de\/wp-json\/wp\/v2\/users\/1"}],"replies":[{"embeddable":true,"href":"https:\/\/bewi.com.pl\/de\/wp-json\/wp\/v2\/comments?post=2518"}],"version-history":[{"count":1,"href":"https:\/\/bewi.com.pl\/de\/wp-json\/wp\/v2\/product\/2518\/revisions"}],"predecessor-version":[{"id":2706,"href":"https:\/\/bewi.com.pl\/de\/wp-json\/wp\/v2\/product\/2518\/revisions\/2706"}],"wp:featuredmedia":[{"embeddable":true,"href":"https:\/\/bewi.com.pl\/de\/wp-json\/wp\/v2\/media\/1993"}],"wp:attachment":[{"href":"https:\/\/bewi.com.pl\/de\/wp-json\/wp\/v2\/media?parent=2518"}],"wp:term":[{"taxonomy":"product_category","embeddable":true,"href":"https:\/\/bewi.com.pl\/de\/wp-json\/wp\/v2\/product_category?post=2518"}],"curies":[{"name":"wp","href":"https:\/\/api.w.org\/{rel}","templated":true}]}}