{"id":2520,"date":"2025-07-15T12:40:09","date_gmt":"2025-07-15T10:40:09","guid":{"rendered":"https:\/\/bewi.com.pl\/produkt\/yawal-77hi-2\/"},"modified":"2025-08-22T10:58:21","modified_gmt":"2025-08-22T08:58:21","slug":"yawal-77hi-2","status":"publish","type":"product","link":"https:\/\/bewi.com.pl\/de\/produkt\/yawal-77hi-2\/","title":{"rendered":"YAWAL 77HI"},"content":{"rendered":"\n    <section class=\"product-details wp-block-uniquedevs-product-details\">\n        <div class=\"product-details__wrapper product-details__wrapper--1\">\n                            <div class=\"product-details__wrapper-col full-width\">\n                    <div class=\"product-details__wrapper-col-item\">\n                                                    <div class=\"product-details__wrapper-col-item-subtitle\">\n                                YAWAL                            <\/div>\n                                                <div class=\"product-details__wrapper-col-item-top\">\n                                                            <div class=\"product-details__wrapper-col-item-top-title\">\n                                    77HI                                <\/div>\n                                                                                        <a href=\"https:\/\/bewi.com.pl\/wp-content\/uploads\/2025\/07\/tm77hiprestige.pdf\" class=\"product-details__wrapper-col-item-top-button\" target=\"_blank\">\n                                    <div class=\"product-details__wrapper-col-item-top-button-text\">\n                                        Herunterladen                                    <\/div>\n                                    <div class=\"product-details__wrapper-col-item-top-button-icon\">\n                                        <img decoding=\"async\" src=\"https:\/\/bewi.com.pl\/wp-content\/uploads\/2025\/05\/pdf.svg\" alt=\"\">\n                                    <\/div>\n                                <\/a>\n                                                    <\/div>\n                                                    <div class=\"product-details__wrapper-col-item-description\">\n                                <strong><strong>Dank der Verwendung eines 3-Kammer-W\u00e4rmed\u00e4mmsystems und innovativer Thermodurchl\u00e4sse zeichnet sich das Produkt durch hervorragende thermische Eigenschaften und die Eliminierung von thermischen Spannungen aus, die durch Temperaturunterschiede verursacht werden. Dieses System senkt den Energieverbrauch und tr\u00e4gt somit zur Senkung der Betriebskosten des Hauses bei. Das Paneelt\u00fcrsystem ist mit dem Fenstersystem TM 77HI kompatibel, wodurch Konstruktionen in verschiedenen Konfigurationen m\u00f6glich sind.<\/strong><\/strong>                            <\/div>\n                                                                            <div class=\"product-details__wrapper-col-item-list-title\">\n                                <strong>YAWAL TM 77Hi<\/strong>\u00a0ist:                            <\/div>\n                                                                            <ul class=\"product-details__wrapper-col-item-list\">\n                                                                    <li class=\"product-details__wrapper-col-item-list-item\">\n                                        hohe \u00c4sthetik dank verdeckter Scharniere, Produktverf\u00fcgbarkeit in verschiedenen Ausf\u00fchrungen,                                    <\/li>\n                                                                    <li class=\"product-details__wrapper-col-item-list-item\">\n                                        Wahlm\u00f6glichkeit zwischen Isolator oder Mitteldichtung,                                    <\/li>\n                                                                    <li class=\"product-details__wrapper-col-item-list-item\">\n                                        Schnelle und einfache Montage,                                    <\/li>\n                                                                    <li class=\"product-details__wrapper-col-item-list-item\">\n                                        M\u00f6glichkeit der Verwendung von Paneelen mit beliebigen Mustern, mit Edelstahlapplikationen und dekorativen Fr\u00e4sungen,                                    <\/li>\n                                                                    <li class=\"product-details__wrapper-col-item-list-item\">\n                                        hohe W\u00e4rmed\u00e4mmung,                                    <\/li>\n                                                                    <li class=\"product-details__wrapper-col-item-list-item\">\n                                        Farbecht, leicht zu reinigen,                                    <\/li>\n                                                                    <li class=\"product-details__wrapper-col-item-list-item\">\n                                        breite Farbauswahl \u2013 RAL-Palette, Struktur- und Holzfarben,                                    <\/li>\n                                                                    <li class=\"product-details__wrapper-col-item-list-item\">\n                                        Einbautiefe 77 mm, Ucw ~0,8 \u2013 passive T\u00fcren,                                    <\/li>\n                                                                    <li class=\"product-details__wrapper-col-item-list-item\">\n                                        M\u00f6glichkeit der Verbindung mit anderen Yawal-Systemen.                                    <\/li>\n                                                            <\/ul>\n                                            <\/div>\n                <\/div>\n                    <\/div>\n    <\/section>\n","protected":false},"excerpt":{"rendered":"<p>TM 77HI Prestige ist ein hochwertiges Eingangst\u00fcrsystem f\u00fcr Ein- und Mehrfamilienh\u00e4user. Diese L\u00f6sung erm\u00f6glicht die Herstellung von T\u00fcrfl\u00fcgeln, die in einer Ebene mit dem T\u00fcrrahmen liegen (unsichtbares T\u00fcrfl\u00fcgelprofil) oder einseitig b\u00fcndig sind.<\/p>\n","protected":false},"author":1,"featured_media":2984,"menu_order":0,"comment_status":"open","ping_status":"open","template":"","format":"standard","meta":{"_acf_changed":false,"footnotes":""},"product_category":[100,99],"class_list":["post-2520","product","type-product","status-publish","format-standard","has-post-thumbnail","hentry","product_category-aluminium-de","product_category-tueren"],"acf":[],"_links":{"self":[{"href":"https:\/\/bewi.com.pl\/de\/wp-json\/wp\/v2\/product\/2520","targetHints":{"allow":["GET"]}}],"collection":[{"href":"https:\/\/bewi.com.pl\/de\/wp-json\/wp\/v2\/product"}],"about":[{"href":"https:\/\/bewi.com.pl\/de\/wp-json\/wp\/v2\/types\/product"}],"author":[{"embeddable":true,"href":"https:\/\/bewi.com.pl\/de\/wp-json\/wp\/v2\/users\/1"}],"replies":[{"embeddable":true,"href":"https:\/\/bewi.com.pl\/de\/wp-json\/wp\/v2\/comments?post=2520"}],"version-history":[{"count":1,"href":"https:\/\/bewi.com.pl\/de\/wp-json\/wp\/v2\/product\/2520\/revisions"}],"predecessor-version":[{"id":2708,"href":"https:\/\/bewi.com.pl\/de\/wp-json\/wp\/v2\/product\/2520\/revisions\/2708"}],"wp:featuredmedia":[{"embeddable":true,"href":"https:\/\/bewi.com.pl\/de\/wp-json\/wp\/v2\/media\/2984"}],"wp:attachment":[{"href":"https:\/\/bewi.com.pl\/de\/wp-json\/wp\/v2\/media?parent=2520"}],"wp:term":[{"taxonomy":"product_category","embeddable":true,"href":"https:\/\/bewi.com.pl\/de\/wp-json\/wp\/v2\/product_category?post=2520"}],"curies":[{"name":"wp","href":"https:\/\/api.w.org\/{rel}","templated":true}]}}