{"id":2534,"date":"2025-07-15T13:14:56","date_gmt":"2025-07-15T11:14:56","guid":{"rendered":"https:\/\/bewi.com.pl\/produkt\/roleta-sp-e\/"},"modified":"2025-08-22T11:09:03","modified_gmt":"2025-08-22T09:09:03","slug":"rollladen-sp-e","status":"publish","type":"product","link":"https:\/\/bewi.com.pl\/de\/produkt\/rollladen-sp-e\/","title":{"rendered":"Rollladen SP-E"},"content":{"rendered":"\n    <section class=\"product-details wp-block-uniquedevs-product-details\">\n        <div class=\"product-details__wrapper product-details__wrapper--1\">\n                            <div class=\"product-details__wrapper-col full-width\">\n                    <div class=\"product-details__wrapper-col-item\">\n                                                    <div class=\"product-details__wrapper-col-item-subtitle\">\n                                Rollladen                            <\/div>\n                                                <div class=\"product-details__wrapper-col-item-top\">\n                                                            <div class=\"product-details__wrapper-col-item-top-title\">\n                                    SP-E                                <\/div>\n                                                                                        <a href=\"https:\/\/bewi.com.pl\/wp-content\/uploads\/2025\/07\/podtynkowe_sp_spe_a3_pl2.pdf\" class=\"product-details__wrapper-col-item-top-button\" target=\"_blank\">\n                                    <div class=\"product-details__wrapper-col-item-top-button-text\">\n                                        Herunterladen                                    <\/div>\n                                    <div class=\"product-details__wrapper-col-item-top-button-icon\">\n                                        <img decoding=\"async\" src=\"https:\/\/bewi.com.pl\/wp-content\/uploads\/2025\/05\/pdf.svg\" alt=\"\">\n                                    <\/div>\n                                <\/a>\n                                                    <\/div>\n                                                    <div class=\"product-details__wrapper-col-item-description\">\n                                Die Systeme <strong>SP-E<\/strong> wurden in erster Linie zum Schutz vor W\u00e4rmeverlust entwickelt. Dies wurde insbesondere vom Passivhaus Institut (PHI) in Darmstadt gew\u00fcrdigt, das eine Empfehlung f\u00fcr den Einsatz beider L\u00f6sungen f\u00fcr Kastenprofile mit einer Gr\u00f6\u00dfe von 165 mm und weniger in Passivh\u00e4usern ausgesprochen hat. Voraussetzung ist vor allem eine fachgerechte Montage in einem zuvor ged\u00e4mmten Sturz gem\u00e4\u00df den Empfehlungen des Herstellers. Dar\u00fcber hinaus sollte die Fensterkonstruktion bestimmte Parameter erf\u00fcllen, darunter einen W\u00e4rmedurchgangskoeffizienten Uw von weniger als 0,80 W\/(m\u00b2K) und einen Ug-Wert der Verglasung von maximal 0,70 W\/(m\u00b2K) nicht \u00fcberschreiten. Ein weiterer Vorteil von Unterputzrolll\u00e4den ist die M\u00f6glichkeit, ein unabh\u00e4ngig funktionierendes Fliegengitter zu verwenden, das auch vor Insekten sch\u00fctzt.                            <\/div>\n                                                                                            <\/div>\n                <\/div>\n                    <\/div>\n    <\/section>\n","protected":false},"excerpt":{"rendered":"<p>Rollos in Unterputzsystemen SP und SP-E sind vor allem f\u00fcr den Einsatz in Neubauten vorgesehen, k\u00f6nnen jedoch nach Vornahme der erforderlichen \u00c4nderungen im Bereich des Sturzes auch in bestehenden Geb\u00e4uden montiert werden. Die Planung des Einsatzes dieser Art von L\u00f6sungen und ihrer Installation bereits in der Entwurfsphase des Geb\u00e4udes erm\u00f6glicht eine effektivere Nutzung ihrer funktionalen Vorteile.<\/p>\n","protected":false},"author":1,"featured_media":2023,"menu_order":0,"comment_status":"open","ping_status":"open","template":"","format":"standard","meta":{"_acf_changed":false,"footnotes":""},"product_category":[153,161],"class_list":["post-2534","product","type-product","status-publish","format-standard","has-post-thumbnail","hentry","product_category-rollos","product_category-unterputz"],"acf":[],"_links":{"self":[{"href":"https:\/\/bewi.com.pl\/de\/wp-json\/wp\/v2\/product\/2534","targetHints":{"allow":["GET"]}}],"collection":[{"href":"https:\/\/bewi.com.pl\/de\/wp-json\/wp\/v2\/product"}],"about":[{"href":"https:\/\/bewi.com.pl\/de\/wp-json\/wp\/v2\/types\/product"}],"author":[{"embeddable":true,"href":"https:\/\/bewi.com.pl\/de\/wp-json\/wp\/v2\/users\/1"}],"replies":[{"embeddable":true,"href":"https:\/\/bewi.com.pl\/de\/wp-json\/wp\/v2\/comments?post=2534"}],"version-history":[{"count":1,"href":"https:\/\/bewi.com.pl\/de\/wp-json\/wp\/v2\/product\/2534\/revisions"}],"predecessor-version":[{"id":2717,"href":"https:\/\/bewi.com.pl\/de\/wp-json\/wp\/v2\/product\/2534\/revisions\/2717"}],"wp:featuredmedia":[{"embeddable":true,"href":"https:\/\/bewi.com.pl\/de\/wp-json\/wp\/v2\/media\/2023"}],"wp:attachment":[{"href":"https:\/\/bewi.com.pl\/de\/wp-json\/wp\/v2\/media?parent=2534"}],"wp:term":[{"taxonomy":"product_category","embeddable":true,"href":"https:\/\/bewi.com.pl\/de\/wp-json\/wp\/v2\/product_category?post=2534"}],"curies":[{"name":"wp","href":"https:\/\/api.w.org\/{rel}","templated":true}]}}