{"id":2560,"date":"2025-07-16T08:53:41","date_gmt":"2025-07-16T06:53:41","guid":{"rendered":"https:\/\/bewi.com.pl\/produkt\/system-siatek-stalych\/"},"modified":"2025-08-22T11:41:24","modified_gmt":"2025-08-22T09:41:24","slug":"system-fester-netze","status":"publish","type":"product","link":"https:\/\/bewi.com.pl\/de\/produkt\/system-fester-netze\/","title":{"rendered":"System fester Netze"},"content":{"rendered":"\n    <section class=\"product-details wp-block-uniquedevs-product-details\">\n        <div class=\"product-details__wrapper product-details__wrapper--1\">\n                            <div class=\"product-details__wrapper-col full-width\">\n                    <div class=\"product-details__wrapper-col-item\">\n                                                    <div class=\"product-details__wrapper-col-item-subtitle\">\n                                System                            <\/div>\n                                                <div class=\"product-details__wrapper-col-item-top\">\n                                                            <div class=\"product-details__wrapper-col-item-top-title\">\n                                    Feste Netze                                <\/div>\n                                                                                        <a href=\"https:\/\/bewi.com.pl\/wp-content\/uploads\/2025\/07\/mrs_mrsz_pl.pdf\" class=\"product-details__wrapper-col-item-top-button\" target=\"_blank\">\n                                    <div class=\"product-details__wrapper-col-item-top-button-text\">\n                                        Herunterladen                                    <\/div>\n                                    <div class=\"product-details__wrapper-col-item-top-button-icon\">\n                                        <img decoding=\"async\" src=\"https:\/\/bewi.com.pl\/wp-content\/uploads\/2025\/05\/pdf.svg\" alt=\"\">\n                                    <\/div>\n                                <\/a>\n                                                    <\/div>\n                                                    <div class=\"product-details__wrapper-col-item-description\">\n                                Das System der festen Rahmen-Insektenschutzgitter bietet einen hervorragenden Schutz vor Insekten. Der Rahmen des Insektenschutzgitters kann mit Hilfe von inneren Aluminiumecken, die geklemmt oder verschraubt werden, verbunden werden. Zur Auswahl stehen auch Kunststoff-Au\u00dfenecken, die in einer Vielzahl von Farben erh\u00e4ltlich sind. Das System ist mit den meisten Fensterprofilen kompatibel. Wir bieten auch einen Innenwinkel mit einstellbarem Winkel an. F\u00fcr die Montage sind Halterungen in f\u00fcnf Gr\u00f6\u00dfen erh\u00e4ltlich.<br><br>Der Rahmenprofil besteht aus einem stabilen, pulverbeschichteten Aluminium-Strangpressprofil in moderner Form. Das Profil wird in zwei Varianten angeboten: mit einer \u201eFlosse\u201d, die am Fensterrahmen anliegt, und ohne \u201eFlosse\u201d, mit einer Tasche f\u00fcr eine B\u00fcrstendichtung, die bei vollst\u00e4ndig verkleideten Fensterrahmen verwendet wird.                            <\/div>\n                                                                                            <\/div>\n                <\/div>\n                    <\/div>\n    <\/section>\n","protected":false},"excerpt":{"rendered":"","protected":false},"author":1,"featured_media":2089,"menu_order":0,"comment_status":"open","ping_status":"open","template":"","format":"standard","meta":{"_acf_changed":false,"footnotes":""},"product_category":[134,142,143],"class_list":["post-2560","product","type-product","status-publish","format-standard","has-post-thumbnail","hentry","product_category-fenster","product_category-insektenschutzgitter","product_category-system-fester-netze"],"acf":[],"_links":{"self":[{"href":"https:\/\/bewi.com.pl\/de\/wp-json\/wp\/v2\/product\/2560","targetHints":{"allow":["GET"]}}],"collection":[{"href":"https:\/\/bewi.com.pl\/de\/wp-json\/wp\/v2\/product"}],"about":[{"href":"https:\/\/bewi.com.pl\/de\/wp-json\/wp\/v2\/types\/product"}],"author":[{"embeddable":true,"href":"https:\/\/bewi.com.pl\/de\/wp-json\/wp\/v2\/users\/1"}],"replies":[{"embeddable":true,"href":"https:\/\/bewi.com.pl\/de\/wp-json\/wp\/v2\/comments?post=2560"}],"version-history":[{"count":1,"href":"https:\/\/bewi.com.pl\/de\/wp-json\/wp\/v2\/product\/2560\/revisions"}],"predecessor-version":[{"id":2743,"href":"https:\/\/bewi.com.pl\/de\/wp-json\/wp\/v2\/product\/2560\/revisions\/2743"}],"wp:featuredmedia":[{"embeddable":true,"href":"https:\/\/bewi.com.pl\/de\/wp-json\/wp\/v2\/media\/2089"}],"wp:attachment":[{"href":"https:\/\/bewi.com.pl\/de\/wp-json\/wp\/v2\/media?parent=2560"}],"wp:term":[{"taxonomy":"product_category","embeddable":true,"href":"https:\/\/bewi.com.pl\/de\/wp-json\/wp\/v2\/product_category?post=2560"}],"curies":[{"name":"wp","href":"https:\/\/api.w.org\/{rel}","templated":true}]}}