{"id":2578,"date":"2025-07-16T10:18:23","date_gmt":"2025-07-16T08:18:23","guid":{"rendered":"https:\/\/bewi.com.pl\/produkt\/automatyczne-rolety\/"},"modified":"2025-08-22T11:59:32","modified_gmt":"2025-08-22T09:59:32","slug":"automatische-rolllaeden","status":"publish","type":"product","link":"https:\/\/bewi.com.pl\/de\/produkt\/automatische-rolllaeden\/","title":{"rendered":"Automatische Rolll\u00e4den"},"content":{"rendered":"\n    <section class=\"product-details wp-block-uniquedevs-product-details\">\n        <div class=\"product-details__wrapper product-details__wrapper--1\">\n                            <div class=\"product-details__wrapper-col full-width\">\n                    <div class=\"product-details__wrapper-col-item\">\n                                                    <div class=\"product-details__wrapper-col-item-subtitle\">\n                                Automatisch                            <\/div>\n                                                <div class=\"product-details__wrapper-col-item-top\">\n                                                            <div class=\"product-details__wrapper-col-item-top-title\">\n                                    Rolll\u00e4den                                <\/div>\n                                                                                <\/div>\n                                                    <div class=\"product-details__wrapper-col-item-description\">\n                                Beleben Sie Ihre Rolll\u00e4den! Statten Sie sie mit einem <strong>ferngesteuerten Antrieb<\/strong> aus, mit dem Sie Ihr Zuhause noch komfortabler gestalten k\u00f6nnen. Mit unseren L\u00f6sungen k\u00f6nnen Sie alle Rolll\u00e4den, auch bereits montierte, mit einem Antrieb ausstatten.<br>Die Ausstattung der Rolll\u00e4den mit einem Antrieb bedeutet, dass Sie sich nicht mehr mit dem manuellen \u00d6ffnen und Schlie\u00dfen abm\u00fchen m\u00fcssen! Dank des <strong>RTS<\/strong>-Antriebs k\u00f6nnen Sie sie ferngesteuert bedienen. Alle Rolll\u00e4den werden von einem einzigen Punkt aus gesteuert.                            <\/div>\n                                                                            <div class=\"product-details__wrapper-col-item-list-title\">\n                                Vorteile des Rollladenantriebs <strong>Somfy<\/strong>:                            <\/div>\n                                                                            <ul class=\"product-details__wrapper-col-item-list\">\n                                                                    <li class=\"product-details__wrapper-col-item-list-item\">\n                                        automatische Konfiguration der Endlagen,                                    <\/li>\n                                                                    <li class=\"product-details__wrapper-col-item-list-item\">\n                                        garantiert jedes Mal ein perfektes \u00d6ffnen und Schlie\u00dfen,                                    <\/li>\n                                                                    <li class=\"product-details__wrapper-col-item-list-item\">\n                                        Erkennung von Hindernissen,                                    <\/li>\n                                                                    <li class=\"product-details__wrapper-col-item-list-item\">\n                                        automatischer Antriebsstopp bei Erkennung eines Hindernisses,                                    <\/li>\n                                                                    <li class=\"product-details__wrapper-col-item-list-item\">\n                                        Frostschutz,                                    <\/li>\n                                                                    <li class=\"product-details__wrapper-col-item-list-item\">\n                                        Einbruchhemmung.                                    <\/li>\n                                                            <\/ul>\n                                            <\/div>\n                <\/div>\n                    <\/div>\n    <\/section>\n\n\n\n<h2 class=\"wp-block-heading\">Entscheiden Sie sich f\u00fcr intelligente L\u00f6sungen:<\/h2>\n\n\n\n    <section class=\"product-details wp-block-uniquedevs-product-details\">\n        <div class=\"product-details__wrapper product-details__wrapper--1\">\n                            <div class=\"product-details__wrapper-col full-width\">\n                    <div class=\"product-details__wrapper-col-item\">\n                                                <div class=\"product-details__wrapper-col-item-top\">\n                                                                                <\/div>\n                                                    <div class=\"product-details__wrapper-col-item-description\">\n                                Unser Angebot umfasst L\u00f6sungen von <strong>SOMFY<\/strong> . Durch den Verkauf von Systemen renommierter Hersteller erhalten Sie eine Garantie f\u00fcr h\u00f6chste Qualit\u00e4t und Langlebigkeit. Entdecken Sie die Zuverl\u00e4ssigkeit und den Komfort der von Architekten und Sicherheitsexperten empfohlenen L\u00f6sungen.                            <\/div>\n                                                                                            <\/div>\n                <\/div>\n                    <\/div>\n    <\/section>\n","protected":false},"excerpt":{"rendered":"","protected":false},"author":1,"featured_media":2143,"menu_order":0,"comment_status":"open","ping_status":"open","template":"","format":"standard","meta":{"_acf_changed":false,"footnotes":""},"product_category":[126,123],"class_list":["post-2578","product","type-product","status-publish","format-standard","has-post-thumbnail","hentry","product_category-automatische-aussenrollos","product_category-intelligentes-zuhause"],"acf":[],"_links":{"self":[{"href":"https:\/\/bewi.com.pl\/de\/wp-json\/wp\/v2\/product\/2578","targetHints":{"allow":["GET"]}}],"collection":[{"href":"https:\/\/bewi.com.pl\/de\/wp-json\/wp\/v2\/product"}],"about":[{"href":"https:\/\/bewi.com.pl\/de\/wp-json\/wp\/v2\/types\/product"}],"author":[{"embeddable":true,"href":"https:\/\/bewi.com.pl\/de\/wp-json\/wp\/v2\/users\/1"}],"replies":[{"embeddable":true,"href":"https:\/\/bewi.com.pl\/de\/wp-json\/wp\/v2\/comments?post=2578"}],"version-history":[{"count":1,"href":"https:\/\/bewi.com.pl\/de\/wp-json\/wp\/v2\/product\/2578\/revisions"}],"predecessor-version":[{"id":2759,"href":"https:\/\/bewi.com.pl\/de\/wp-json\/wp\/v2\/product\/2578\/revisions\/2759"}],"wp:featuredmedia":[{"embeddable":true,"href":"https:\/\/bewi.com.pl\/de\/wp-json\/wp\/v2\/media\/2143"}],"wp:attachment":[{"href":"https:\/\/bewi.com.pl\/de\/wp-json\/wp\/v2\/media?parent=2578"}],"wp:term":[{"taxonomy":"product_category","embeddable":true,"href":"https:\/\/bewi.com.pl\/de\/wp-json\/wp\/v2\/product_category?post=2578"}],"curies":[{"name":"wp","href":"https:\/\/api.w.org\/{rel}","templated":true}]}}