{"id":2580,"date":"2025-08-13T12:48:35","date_gmt":"2025-08-13T10:48:35","guid":{"rendered":"https:\/\/bewi.com.pl\/produkt\/premislide-76-md\/"},"modified":"2025-08-22T12:01:27","modified_gmt":"2025-08-22T10:01:27","slug":"premislide-76-md","status":"publish","type":"product","link":"https:\/\/bewi.com.pl\/de\/produkt\/premislide-76-md\/","title":{"rendered":"PremiSlide 76 MD"},"content":{"rendered":"\n    <section class=\"product-details wp-block-uniquedevs-product-details\">\n        <div class=\"product-details__wrapper product-details__wrapper--1\">\n                            <div class=\"product-details__wrapper-col full-width\">\n                    <div class=\"product-details__wrapper-col-item\">\n                                                    <div class=\"product-details__wrapper-col-item-subtitle\">\n                                <strong>PremiSlide<\/strong>                            <\/div>\n                                                <div class=\"product-details__wrapper-col-item-top\">\n                                                            <div class=\"product-details__wrapper-col-item-top-title\">\n                                    <strong>76 MD<\/strong>                                <\/div>\n                                                                                        <a href=\"https:\/\/bewi.com.pl\/wp-content\/uploads\/2025\/08\/Premislide_76___nowy_prog_sierpien_2002_druk_21.10.pdf\" class=\"product-details__wrapper-col-item-top-button\" target=\"_blank\">\n                                    <div class=\"product-details__wrapper-col-item-top-button-text\">\n                                        Herunterladen                                    <\/div>\n                                    <div class=\"product-details__wrapper-col-item-top-button-icon\">\n                                        <img decoding=\"async\" src=\"https:\/\/bewi.com.pl\/wp-content\/uploads\/2025\/05\/pdf.svg\" alt=\"\">\n                                    <\/div>\n                                <\/a>\n                                                    <\/div>\n                                                    <div class=\"product-details__wrapper-col-item-description\">\n                                <br>Die intelligente Konstruktion des PremiSlide 76 MD-Systems erm\u00f6glicht den Einbau des w\u00e4rmsten <strong>3-Scheiben-Pakets mit einem Ug-Wert von 0,5<\/strong>. Dank der gro\u00dfen Glasfl\u00e4chen sorgt es f\u00fcr eine <strong>hohe Solarenergiegewinnung<\/strong> und garantiert gleichzeitig einen au\u00dfergew\u00f6hnlichen <strong>Schutz<\/strong> vor <strong>L\u00e4rm <\/strong>und <strong>Einbruch<\/strong>.<br>Die Schiebe- und Terrassent\u00fcren des Systems <strong>PremiSlide 76 MD<\/strong> schr\u00e4nken dank ihrer innovativen Konstruktion den Wohnraum nicht nur nicht ein, sondern verleihen ihm im Gegenteil mehr <strong>Raum<\/strong> und <strong>Funktionalit\u00e4t<\/strong>. <strong>Solide<\/strong>, <strong>moderne <\/strong>Beschl\u00e4ge sorgen f\u00fcr eine reibungslose und sichere Bedienung, und die Steuerung des Fl\u00fcgels ist <strong>intuitiv<\/strong> und erfordert keinen \u00fcberm\u00e4\u00dfigen Kraftaufwand.<br>Die Abstellfunktion des Fl\u00fcgels erm\u00f6glicht eine Spaltl\u00fcftung, ohne dass der gesamte Raum ausk\u00fchlt.                            <\/div>\n                                                                                                    <ul class=\"product-details__wrapper-col-item-list\">\n                                                                    <li class=\"product-details__wrapper-col-item-list-item\">\n                                        Platzersparnis                                    <\/li>\n                                                                    <li class=\"product-details__wrapper-col-item-list-item\">\n                                        Gro\u00dfe Glasfl\u00e4chen                                    <\/li>\n                                                                    <li class=\"product-details__wrapper-col-item-list-item\">\n                                        Bequeme und intuitive Bedienung                                    <\/li>\n                                                                    <li class=\"product-details__wrapper-col-item-list-item\">\n                                        Hohe Dichtheit                                    <\/li>\n                                                                    <li class=\"product-details__wrapper-col-item-list-item\">\n                                        Effektive und leistungsstarke Bel\u00fcftung                                    <\/li>\n                                                                    <li class=\"product-details__wrapper-col-item-list-item\">\n                                        Zuverl\u00e4ssige Qualit\u00e4t                                    <\/li>\n                                                                    <li class=\"product-details__wrapper-col-item-list-item\">\n                                        Modernes Design                                    <\/li>\n                                                                    <li class=\"product-details__wrapper-col-item-list-item\">\n                                        PremiSlide 76 MD ist ein innovatives Schiebesystem mit einer Bautiefe von 158 mm.                                    <\/li>\n                                                                    <li class=\"product-details__wrapper-col-item-list-item\">\n                                        Basierend auf dem K\u00f6mmerling 76 System                                    <\/li>\n                                                                    <li class=\"product-details__wrapper-col-item-list-item\">\n                                        W\u00e4rmedurchgangskoeffizient Uf bis zu 1,3 W (m\u00b2K) im Standard                                    <\/li>\n                                                                    <li class=\"product-details__wrapper-col-item-list-item\">\n                                        Dreifachverglasung mit einer maximalen Glasst\u00e4rke von 50 mm                                    <\/li>\n                                                                    <li class=\"product-details__wrapper-col-item-list-item\">\n                                        Robuste Technologie, Beschlagsystem \u201eECO SLIDE\u201d                                    <\/li>\n                                                                    <li class=\"product-details__wrapper-col-item-list-item\">\n                                        Effiziente Bel\u00fcftung                                    <\/li>\n                                                                    <li class=\"product-details__wrapper-col-item-list-item\">\n                                        Einfache und bequeme Bedienung                                    <\/li>\n                                                            <\/ul>\n                                            <\/div>\n                <\/div>\n                    <\/div>\n    <\/section>\n","protected":false},"excerpt":{"rendered":"<p>PremiSlide 76 MD to system okienno-drzwiowy daj\u0105cy projektantom mo\u017cliwo\u015b\u0107 tworzenia zar\u00f3wno ma\u0142ych jak i du\u017cych konstrukcji. Innowacyjny mechanizm ryglowania jest \u0142atwy i intuicyjny w obs\u0142udze, a nowoczesna i smuk\u0142a budowa profili zapewnia maksimum naturalnego \u015bwiat\u0142a w pomieszczeniu. <\/p>\n","protected":false},"author":1,"featured_media":2263,"menu_order":0,"comment_status":"open","ping_status":"open","template":"","format":"standard","meta":{"_acf_changed":false,"footnotes":""},"product_category":[102,109,99],"class_list":["post-2580","product","type-product","status-publish","format-standard","has-post-thumbnail","hentry","product_category-hs-schiebetueren","product_category-pvc-de","product_category-tueren"],"acf":[],"_links":{"self":[{"href":"https:\/\/bewi.com.pl\/de\/wp-json\/wp\/v2\/product\/2580","targetHints":{"allow":["GET"]}}],"collection":[{"href":"https:\/\/bewi.com.pl\/de\/wp-json\/wp\/v2\/product"}],"about":[{"href":"https:\/\/bewi.com.pl\/de\/wp-json\/wp\/v2\/types\/product"}],"author":[{"embeddable":true,"href":"https:\/\/bewi.com.pl\/de\/wp-json\/wp\/v2\/users\/1"}],"replies":[{"embeddable":true,"href":"https:\/\/bewi.com.pl\/de\/wp-json\/wp\/v2\/comments?post=2580"}],"version-history":[{"count":1,"href":"https:\/\/bewi.com.pl\/de\/wp-json\/wp\/v2\/product\/2580\/revisions"}],"predecessor-version":[{"id":2761,"href":"https:\/\/bewi.com.pl\/de\/wp-json\/wp\/v2\/product\/2580\/revisions\/2761"}],"wp:featuredmedia":[{"embeddable":true,"href":"https:\/\/bewi.com.pl\/de\/wp-json\/wp\/v2\/media\/2263"}],"wp:attachment":[{"href":"https:\/\/bewi.com.pl\/de\/wp-json\/wp\/v2\/media?parent=2580"}],"wp:term":[{"taxonomy":"product_category","embeddable":true,"href":"https:\/\/bewi.com.pl\/de\/wp-json\/wp\/v2\/product_category?post=2580"}],"curies":[{"name":"wp","href":"https:\/\/api.w.org\/{rel}","templated":true}]}}