{"id":2584,"date":"2025-08-14T08:59:55","date_gmt":"2025-08-14T06:59:55","guid":{"rendered":"https:\/\/bewi.com.pl\/produkt\/pilot-nina\/"},"modified":"2025-08-22T12:03:32","modified_gmt":"2025-08-22T10:03:32","slug":"pilot-nina","status":"publish","type":"product","link":"https:\/\/bewi.com.pl\/de\/produkt\/pilot-nina\/","title":{"rendered":"Pilot Nina"},"content":{"rendered":"\n    <section class=\"product-details wp-block-uniquedevs-product-details\">\n        <div class=\"product-details__wrapper product-details__wrapper--1\">\n                            <div class=\"product-details__wrapper-col full-width\">\n                    <div class=\"product-details__wrapper-col-item\">\n                                                    <div class=\"product-details__wrapper-col-item-subtitle\">\n                                Pilot                            <\/div>\n                                                <div class=\"product-details__wrapper-col-item-top\">\n                                                            <div class=\"product-details__wrapper-col-item-top-title\">\n                                    NINA                                <\/div>\n                                                                                <\/div>\n                                                    <div class=\"product-details__wrapper-col-item-description\">\n                                Mit Nina io k\u00f6nnen Sie ein Ger\u00e4t oder mehrere Ger\u00e4te in Ihrem Zuhause gleichzeitig steuern. Sie k\u00f6nnen Fensterabdeckungen wie Rolll\u00e4den, Jalousien oder Markisen mit io-homecontrol\u00ae-Antrieben verwalten. Mit der Nina io-Fernbedienung k\u00f6nnen Sie die Ger\u00e4te in jede beliebige Position bringen, z. B. die Rolll\u00e4den halb schlie\u00dfen oder die Fassadenjalousien \u00f6ffnen und dabei den gew\u00fcnschten Neigungswinkel der Lamellen einstellen.                            <\/div>\n                                                                            <div class=\"product-details__wrapper-col-item-list-title\">\n                                <strong><strong>Vorteile<\/strong><\/strong>                            <\/div>\n                                                                            <ul class=\"product-details__wrapper-col-item-list\">\n                                                                    <li class=\"product-details__wrapper-col-item-list-item\">\n                                        Zweiwege-Funktechnologie io-homecontrol\u00ae (R\u00fcckmeldung)                                    <\/li>\n                                                                    <li class=\"product-details__wrapper-col-item-list-item\">\n                                        einzigartiges, innovatives, ergonomisches Design                                    <\/li>\n                                                                    <li class=\"product-details__wrapper-col-item-list-item\">\n                                        Der Touchscreen erm\u00f6glicht eine pr\u00e4zise Steuerung per Ber\u00fchrung.                                    <\/li>\n                                                                    <li class=\"product-details__wrapper-col-item-list-item\">\n                                        Erstellung von Szenarien f\u00fcr einzelne Produkte, Gruppen, R\u00e4ume, Etagen und das gesamte Haus                                    <\/li>\n                                                                    <li class=\"product-details__wrapper-col-item-list-item\">\n                                        Einzel- oder Gruppensteuerung                                    <\/li>\n                                                                    <li class=\"product-details__wrapper-col-item-list-item\">\n                                        Intuitive Konfiguration des gesamten Hauses                                    <\/li>\n                                                                    <li class=\"product-details__wrapper-col-item-list-item\">\n                                        automatische oder manuelle Benennung von Ger\u00e4ten und R\u00e4umen                                    <\/li>\n                                                            <\/ul>\n                                            <\/div>\n                <\/div>\n                    <\/div>\n    <\/section>\n","protected":false},"excerpt":{"rendered":"<p>Scentralizuj sterowanie swoimi urz\u0105dzeniami<\/p>\n","protected":false},"author":1,"featured_media":2271,"menu_order":0,"comment_status":"open","ping_status":"open","template":"","format":"standard","meta":{"_acf_changed":false,"footnotes":""},"product_category":[153,164],"class_list":["post-2584","product","type-product","status-publish","format-standard","has-post-thumbnail","hentry","product_category-rollos","product_category-steuerung"],"acf":[],"_links":{"self":[{"href":"https:\/\/bewi.com.pl\/de\/wp-json\/wp\/v2\/product\/2584","targetHints":{"allow":["GET"]}}],"collection":[{"href":"https:\/\/bewi.com.pl\/de\/wp-json\/wp\/v2\/product"}],"about":[{"href":"https:\/\/bewi.com.pl\/de\/wp-json\/wp\/v2\/types\/product"}],"author":[{"embeddable":true,"href":"https:\/\/bewi.com.pl\/de\/wp-json\/wp\/v2\/users\/1"}],"replies":[{"embeddable":true,"href":"https:\/\/bewi.com.pl\/de\/wp-json\/wp\/v2\/comments?post=2584"}],"version-history":[{"count":1,"href":"https:\/\/bewi.com.pl\/de\/wp-json\/wp\/v2\/product\/2584\/revisions"}],"predecessor-version":[{"id":2765,"href":"https:\/\/bewi.com.pl\/de\/wp-json\/wp\/v2\/product\/2584\/revisions\/2765"}],"wp:featuredmedia":[{"embeddable":true,"href":"https:\/\/bewi.com.pl\/de\/wp-json\/wp\/v2\/media\/2271"}],"wp:attachment":[{"href":"https:\/\/bewi.com.pl\/de\/wp-json\/wp\/v2\/media?parent=2584"}],"wp:term":[{"taxonomy":"product_category","embeddable":true,"href":"https:\/\/bewi.com.pl\/de\/wp-json\/wp\/v2\/product_category?post=2584"}],"curies":[{"name":"wp","href":"https:\/\/api.w.org\/{rel}","templated":true}]}}