{"id":2588,"date":"2025-08-14T09:08:17","date_gmt":"2025-08-14T07:08:17","guid":{"rendered":"https:\/\/bewi.com.pl\/produkt\/smoove-origin-io\/"},"modified":"2025-08-22T12:05:01","modified_gmt":"2025-08-22T10:05:01","slug":"smoove-origin-io","status":"publish","type":"product","link":"https:\/\/bewi.com.pl\/de\/produkt\/smoove-origin-io\/","title":{"rendered":"Smoove Origin io"},"content":{"rendered":"\n    <section class=\"product-details wp-block-uniquedevs-product-details\">\n        <div class=\"product-details__wrapper product-details__wrapper--1\">\n                            <div class=\"product-details__wrapper-col full-width\">\n                    <div class=\"product-details__wrapper-col-item\">\n                                                    <div class=\"product-details__wrapper-col-item-subtitle\">\n                                Smoove                            <\/div>\n                                                <div class=\"product-details__wrapper-col-item-top\">\n                                                            <div class=\"product-details__wrapper-col-item-top-title\">\n                                    Origin io                                <\/div>\n                                                                                <\/div>\n                                                                            <div class=\"product-details__wrapper-col-item-list-title\">\n                                <strong><strong>Vorteile<\/strong><\/strong>                            <\/div>\n                                                                            <ul class=\"product-details__wrapper-col-item-list\">\n                                                                    <li class=\"product-details__wrapper-col-item-list-item\">\n                                        Bedienung \u00fcber Tasten an Mikroschaltern.                                    <\/li>\n                                                                    <li class=\"product-details__wrapper-col-item-list-item\">\n                                        Einzelger\u00e4te, Ger\u00e4tegruppen oder zentrale Steuerung m\u00f6glich.                                    <\/li>\n                                                                    <li class=\"product-details__wrapper-col-item-list-item\">\n                                        Die Taste \u201eAUF\u201c hebt die Rolll\u00e4den an, f\u00e4hrt die Markisen ein oder schaltet die Beleuchtung ein.                                    <\/li>\n                                                                    <li class=\"product-details__wrapper-col-item-list-item\">\n                                        Die Taste \u201emy\u201c stoppt die Abdeckung oder ruft eine individuell eingestellte Komfortposition auf.                                    <\/li>\n                                                                    <li class=\"product-details__wrapper-col-item-list-item\">\n                                        Die Taste \u201eD\u00d3\u0141\u201d (ab) senkt die Rolll\u00e4den und rollt sie aus.                                    <\/li>\n                                                            <\/ul>\n                                            <\/div>\n                <\/div>\n                    <\/div>\n    <\/section>\n","protected":false},"excerpt":{"rendered":"<p>Nadajnik radiowy do manualnego sterowania jednym lub kilkoma nap\u0119dami lub odbiornikami radiowymi w technologii io-homecontrol. Mo\u017cliwe sterowanie indywidualne, grupowe oraz centralne.<\/p>\n","protected":false},"author":1,"featured_media":2275,"menu_order":0,"comment_status":"open","ping_status":"open","template":"","format":"standard","meta":{"_acf_changed":false,"footnotes":""},"product_category":[153,164],"class_list":["post-2588","product","type-product","status-publish","format-standard","has-post-thumbnail","hentry","product_category-rollos","product_category-steuerung"],"acf":[],"_links":{"self":[{"href":"https:\/\/bewi.com.pl\/de\/wp-json\/wp\/v2\/product\/2588","targetHints":{"allow":["GET"]}}],"collection":[{"href":"https:\/\/bewi.com.pl\/de\/wp-json\/wp\/v2\/product"}],"about":[{"href":"https:\/\/bewi.com.pl\/de\/wp-json\/wp\/v2\/types\/product"}],"author":[{"embeddable":true,"href":"https:\/\/bewi.com.pl\/de\/wp-json\/wp\/v2\/users\/1"}],"replies":[{"embeddable":true,"href":"https:\/\/bewi.com.pl\/de\/wp-json\/wp\/v2\/comments?post=2588"}],"version-history":[{"count":1,"href":"https:\/\/bewi.com.pl\/de\/wp-json\/wp\/v2\/product\/2588\/revisions"}],"predecessor-version":[{"id":2768,"href":"https:\/\/bewi.com.pl\/de\/wp-json\/wp\/v2\/product\/2588\/revisions\/2768"}],"wp:featuredmedia":[{"embeddable":true,"href":"https:\/\/bewi.com.pl\/de\/wp-json\/wp\/v2\/media\/2275"}],"wp:attachment":[{"href":"https:\/\/bewi.com.pl\/de\/wp-json\/wp\/v2\/media?parent=2588"}],"wp:term":[{"taxonomy":"product_category","embeddable":true,"href":"https:\/\/bewi.com.pl\/de\/wp-json\/wp\/v2\/product_category?post=2588"}],"curies":[{"name":"wp","href":"https:\/\/api.w.org\/{rel}","templated":true}]}}