{"id":3116,"date":"2025-09-17T12:35:40","date_gmt":"2025-09-17T10:35:40","guid":{"rendered":"https:\/\/bewi.com.pl\/produkt\/tm-77n-prestige\/"},"modified":"2025-10-10T11:30:36","modified_gmt":"2025-10-10T09:30:36","slug":"tm-77n-prestige","status":"publish","type":"product","link":"https:\/\/bewi.com.pl\/de\/produkt\/tm-77n-prestige\/","title":{"rendered":"TM 77N Prestige"},"content":{"rendered":"\n    <section class=\"product-details wp-block-uniquedevs-product-details\">\n        <div class=\"product-details__wrapper product-details__wrapper--1\">\n                            <div class=\"product-details__wrapper-col full-width\">\n                    <div class=\"product-details__wrapper-col-item\">\n                                                    <div class=\"product-details__wrapper-col-item-subtitle\">\n                                TM 77N                            <\/div>\n                                                <div class=\"product-details__wrapper-col-item-top\">\n                                                            <div class=\"product-details__wrapper-col-item-top-title\">\n                                    Prestige                                <\/div>\n                                                                                        <a href=\"https:\/\/bewi.com.pl\/wp-content\/uploads\/2025\/10\/YAWAL-TM-77N-Drzwi-Prestige.pdf\" class=\"product-details__wrapper-col-item-top-button\" target=\"_blank\">\n                                    <div class=\"product-details__wrapper-col-item-top-button-text\">\n                                        PDF herunterladen                                    <\/div>\n                                    <div class=\"product-details__wrapper-col-item-top-button-icon\">\n                                        <img decoding=\"async\" src=\"https:\/\/bewi.com.pl\/wp-content\/uploads\/2025\/05\/pdf.svg\" alt=\"\">\n                                    <\/div>\n                                <\/a>\n                                                    <\/div>\n                                                    <div class=\"product-details__wrapper-col-item-description\">\n                                <br><strong>Die L\u00f6sung erm\u00f6glicht die Herstellung von T\u00fcrfl\u00fcgeln, die in einer Ebene zum T\u00fcrrahmen liegen (unsichtbares T\u00fcrfl\u00fcgelprofil) oder einseitig b\u00fcndig sind.<\/strong><br>Dank der Verwendung eines Mehrkammer-W\u00e4rmed\u00e4mmsystems und innovativer Thermoscheiben zeichnet sich das Produkt durch hervorragende thermische Eigenschaften und die Beseitigung von thermischen Spannungen aus, die durch Temperaturunterschiede verursacht werden.                            <\/div>\n                                                                            <div class=\"product-details__wrapper-col-item-list-title\">\n                                <strong><strong>Vorteile des Systems<\/strong><\/strong>                            <\/div>\n                                                                            <ul class=\"product-details__wrapper-col-item-list\">\n                                                                    <li class=\"product-details__wrapper-col-item-list-item\">\n                                        L\u00f6sung mit einseitig und beidseitig verkleidetem Paneel                                    <\/li>\n                                                                    <li class=\"product-details__wrapper-col-item-list-item\">\n                                        Kombinierbar mit Seiten- und Deckenleuchten                                    <\/li>\n                                                                    <li class=\"product-details__wrapper-col-item-list-item\">\n                                        M\u00f6glichkeit der Verwendung von Paneelen mit beliebigem Muster mit Edelstahlapplikationen und dekorativen Fr\u00e4sungen                                    <\/li>\n                                                                    <li class=\"product-details__wrapper-col-item-list-item\">\n                                        M\u00f6glichkeit der Ausf\u00fchrung in einer Version mit aufgeklebtem Glas                                    <\/li>\n                                                                    <li class=\"product-details__wrapper-col-item-list-item\">\n                                        Automatisierung des \u00d6ffnungsvorgangs                                    <\/li>\n                                                                    <li class=\"product-details__wrapper-col-item-list-item\">\n                                        Kompatibel mit dem Fenster- und T\u00fcrsystem TM 77N                                    <\/li>\n                                                            <\/ul>\n                                            <\/div>\n                <\/div>\n                    <\/div>\n    <\/section>\n","protected":false},"excerpt":{"rendered":"<p>Hochwertiges Eingangst\u00fcrsystem f\u00fcr Ein- oder Mehrfamilienh\u00e4user.<\/p>\n","protected":false},"author":1,"featured_media":2984,"menu_order":0,"comment_status":"open","ping_status":"open","template":"","format":"standard","meta":{"_acf_changed":false,"footnotes":""},"product_category":[100,99],"class_list":["post-3116","product","type-product","status-publish","format-standard","has-post-thumbnail","hentry","product_category-aluminium-de","product_category-tueren"],"acf":[],"_links":{"self":[{"href":"https:\/\/bewi.com.pl\/de\/wp-json\/wp\/v2\/product\/3116","targetHints":{"allow":["GET"]}}],"collection":[{"href":"https:\/\/bewi.com.pl\/de\/wp-json\/wp\/v2\/product"}],"about":[{"href":"https:\/\/bewi.com.pl\/de\/wp-json\/wp\/v2\/types\/product"}],"author":[{"embeddable":true,"href":"https:\/\/bewi.com.pl\/de\/wp-json\/wp\/v2\/users\/1"}],"replies":[{"embeddable":true,"href":"https:\/\/bewi.com.pl\/de\/wp-json\/wp\/v2\/comments?post=3116"}],"version-history":[{"count":4,"href":"https:\/\/bewi.com.pl\/de\/wp-json\/wp\/v2\/product\/3116\/revisions"}],"predecessor-version":[{"id":3223,"href":"https:\/\/bewi.com.pl\/de\/wp-json\/wp\/v2\/product\/3116\/revisions\/3223"}],"wp:featuredmedia":[{"embeddable":true,"href":"https:\/\/bewi.com.pl\/de\/wp-json\/wp\/v2\/media\/2984"}],"wp:attachment":[{"href":"https:\/\/bewi.com.pl\/de\/wp-json\/wp\/v2\/media?parent=3116"}],"wp:term":[{"taxonomy":"product_category","embeddable":true,"href":"https:\/\/bewi.com.pl\/de\/wp-json\/wp\/v2\/product_category?post=3116"}],"curies":[{"name":"wp","href":"https:\/\/api.w.org\/{rel}","templated":true}]}}