{"id":3120,"date":"2025-10-10T09:21:52","date_gmt":"2025-10-10T07:21:52","guid":{"rendered":"https:\/\/bewi.com.pl\/produkt\/pf152hi\/"},"modified":"2025-11-05T09:19:17","modified_gmt":"2025-11-05T08:19:17","slug":"pf152hi","status":"publish","type":"product","link":"https:\/\/bewi.com.pl\/de\/produkt\/pf152hi\/","title":{"rendered":"PF152HI"},"content":{"rendered":"\n    <section class=\"product-details wp-block-uniquedevs-product-details\">\n        <div class=\"product-details__wrapper product-details__wrapper--1\">\n                            <div class=\"product-details__wrapper-col full-width\">\n                    <div class=\"product-details__wrapper-col-item\">\n                                                <div class=\"product-details__wrapper-col-item-top\">\n                                                            <div class=\"product-details__wrapper-col-item-top-title\">\n                                    PF152HI                                <\/div>\n                                                                                        <a href=\"https:\/\/bewi.com.pl\/wp-content\/uploads\/2025\/10\/PROCURAL_PF152HI_prospekt.pdf\" class=\"product-details__wrapper-col-item-top-button\" target=\"_blank\">\n                                    <div class=\"product-details__wrapper-col-item-top-button-text\">\n                                        Herunterladen                                    <\/div>\n                                    <div class=\"product-details__wrapper-col-item-top-button-icon\">\n                                        <img decoding=\"async\" src=\"https:\/\/bewi.com.pl\/wp-content\/uploads\/2025\/05\/pdf.svg\" alt=\"\">\n                                    <\/div>\n                                <\/a>\n                                                    <\/div>\n                                                                            <div class=\"product-details__wrapper-col-item-list-title\">\n                                Eigenschaften                            <\/div>\n                                                                            <ul class=\"product-details__wrapper-col-item-list\">\n                                                                    <li class=\"product-details__wrapper-col-item-list-item\">\n                                        hohe W\u00e4rme- und Schalld\u00e4mmung, Wasserdichtigkeit und Windlastbest\u00e4ndigkeit                                    <\/li>\n                                                                    <li class=\"product-details__wrapper-col-item-list-item\">\n                                        Variante PROCURAL PF152HI PASSIVE \u2013 mit der h\u00f6chsten W\u00e4rmed\u00e4mmung (Zertifikat des Passivhaus Instituts in Darmstadt, Klasse phA)                                    <\/li>\n                                                                    <li class=\"product-details__wrapper-col-item-list-item\">\n                                        L\u00f6sungen mit Stahl- und Holzunterkonstruktion                                    <\/li>\n                                                                    <li class=\"product-details__wrapper-col-item-list-item\">\n                                        L\u00f6sungen f\u00fcr den Bereich \u00fcber dem Fenstersturz und unter dem Fenster mit einer Dichtheit und Feuerwiderstandsdauer von EI60                                    <\/li>\n                                                                    <li class=\"product-details__wrapper-col-item-list-item\">\n                                        Standardbreite der Au\u00dfenblendenleisten \u2013 51 mm                                    <\/li>\n                                                                    <li class=\"product-details__wrapper-col-item-list-item\">\n                                        Freie Gestaltung der Fassade hinsichtlich Geometrie und Farbgebung                                    <\/li>\n                                                                    <li class=\"product-details__wrapper-col-item-list-item\">\n                                        verschiedene Arten von Au\u00dfenverzierungen                                    <\/li>\n                                                                    <li class=\"product-details__wrapper-col-item-list-item\">\n                                        Version \u201ehorizontale oder vertikale Linie\u201d                                    <\/li>\n                                                                    <li class=\"product-details__wrapper-col-item-list-item\">\n                                        Biegen von Profilen                                    <\/li>\n                                                                    <li class=\"product-details__wrapper-col-item-list-item\">\n                                        M\u00f6glichkeit der Verwendung von F\u00fcllungen in Form von PROCURAL-Systemfenstern                                    <\/li>\n                                                                    <li class=\"product-details__wrapper-col-item-list-item\">\n                                        Maximales Gewicht der Scheiben: 700 kg                                    <\/li>\n                                                                    <li class=\"product-details__wrapper-col-item-list-item\">\n                                        Verbindung zu anderen PROCURAL-Systemen                                    <\/li>\n                                                            <\/ul>\n                                            <\/div>\n                <\/div>\n                    <\/div>\n    <\/section>\n","protected":false},"excerpt":{"rendered":"<p>Ein Pfosten-Riegel-System f\u00fcr die Herstellung von Vorhangfassaden, \u00dcberdachungen und Oberlichtern mit erh\u00f6hter W\u00e4rmed\u00e4mmung.<\/p>\n","protected":false},"author":1,"featured_media":3109,"menu_order":0,"comment_status":"open","ping_status":"open","template":"","format":"standard","meta":{"_acf_changed":false,"footnotes":""},"product_category":[118,116],"class_list":["post-3120","product","type-product","status-publish","format-standard","has-post-thumbnail","hentry","product_category-fassaden","product_category-fassaden-und-ueberdachungen"],"acf":[],"_links":{"self":[{"href":"https:\/\/bewi.com.pl\/de\/wp-json\/wp\/v2\/product\/3120","targetHints":{"allow":["GET"]}}],"collection":[{"href":"https:\/\/bewi.com.pl\/de\/wp-json\/wp\/v2\/product"}],"about":[{"href":"https:\/\/bewi.com.pl\/de\/wp-json\/wp\/v2\/types\/product"}],"author":[{"embeddable":true,"href":"https:\/\/bewi.com.pl\/de\/wp-json\/wp\/v2\/users\/1"}],"replies":[{"embeddable":true,"href":"https:\/\/bewi.com.pl\/de\/wp-json\/wp\/v2\/comments?post=3120"}],"version-history":[{"count":3,"href":"https:\/\/bewi.com.pl\/de\/wp-json\/wp\/v2\/product\/3120\/revisions"}],"predecessor-version":[{"id":3230,"href":"https:\/\/bewi.com.pl\/de\/wp-json\/wp\/v2\/product\/3120\/revisions\/3230"}],"wp:featuredmedia":[{"embeddable":true,"href":"https:\/\/bewi.com.pl\/de\/wp-json\/wp\/v2\/media\/3109"}],"wp:attachment":[{"href":"https:\/\/bewi.com.pl\/de\/wp-json\/wp\/v2\/media?parent=3120"}],"wp:term":[{"taxonomy":"product_category","embeddable":true,"href":"https:\/\/bewi.com.pl\/de\/wp-json\/wp\/v2\/product_category?post=3120"}],"curies":[{"name":"wp","href":"https:\/\/api.w.org\/{rel}","templated":true}]}}