{"id":3152,"date":"2025-10-10T10:09:52","date_gmt":"2025-10-10T08:09:52","guid":{"rendered":"https:\/\/bewi.com.pl\/produkt\/procural-pe78n-pe78nhi\/"},"modified":"2025-10-10T10:21:49","modified_gmt":"2025-10-10T08:21:49","slug":"procural-pe78n-pe78nhi","status":"publish","type":"product","link":"https:\/\/bewi.com.pl\/de\/produkt\/procural-pe78n-pe78nhi\/","title":{"rendered":"PROCURAL PE78N \/ PE78NHI"},"content":{"rendered":"\n    <section class=\"product-details wp-block-uniquedevs-product-details\">\n        <div class=\"product-details__wrapper product-details__wrapper--1\">\n                            <div class=\"product-details__wrapper-col full-width\">\n                    <div class=\"product-details__wrapper-col-item\">\n                                                    <div class=\"product-details__wrapper-col-item-subtitle\">\n                                PROCURAL                            <\/div>\n                                                <div class=\"product-details__wrapper-col-item-top\">\n                                                            <div class=\"product-details__wrapper-col-item-top-title\">\n                                    PE78N \/ PE78NHI                                <\/div>\n                                                                                        <a href=\"https:\/\/bewi.com.pl\/wp-content\/uploads\/2025\/10\/PROCURAL_PE78N_PE78NHI_okna_prospekt.pdf\" class=\"product-details__wrapper-col-item-top-button\" target=\"_blank\">\n                                    <div class=\"product-details__wrapper-col-item-top-button-text\">\n                                        Herunterladen                                    <\/div>\n                                    <div class=\"product-details__wrapper-col-item-top-button-icon\">\n                                        <img decoding=\"async\" src=\"https:\/\/bewi.com.pl\/wp-content\/uploads\/2025\/05\/pdf.svg\" alt=\"\">\n                                    <\/div>\n                                <\/a>\n                                                    <\/div>\n                                                    <div class=\"product-details__wrapper-col-item-description\">\n                                Es ist f\u00fcr den Bau von Fenstern mit sehr hohen Anforderungen an die W\u00e4rmed\u00e4mmung vorgesehen.                            <\/div>\n                                                                                                    <ul class=\"product-details__wrapper-col-item-list\">\n                                                                    <li class=\"product-details__wrapper-col-item-list-item\">\n                                        Hohe W\u00e4rmed\u00e4mmung \u2013 dank der Verwendung einer 42 mm starken Mehrkammer-Thermoscheibe und einer Zweikomponenten-Mitteldichtung.                                    <\/li>\n                                                                    <li class=\"product-details__wrapper-col-item-list-item\">\n                                        M\u00f6glichkeit der Herstellung von Konstruktionen mit gro\u00dfen Abmessungen                                    <\/li>\n                                                                    <li class=\"product-details__wrapper-col-item-list-item\">\n                                        Gro\u00dfe Freiheit bei der Auswahl verschiedener Beschl\u00e4ge                                    <\/li>\n                                                                    <li class=\"product-details__wrapper-col-item-list-item\">\n                                        M\u00f6glichkeit, die Fensterfl\u00fcgel mit dem Fensterrahmen b\u00fcndig zu schlie\u00dfen (eine Ebene auf der Au\u00dfenseite)                                    <\/li>\n                                                                    <li class=\"product-details__wrapper-col-item-list-item\">\n                                        M\u00f6glichkeit des Biegens von Profilen                                    <\/li>\n                                                                    <li class=\"product-details__wrapper-col-item-list-item\">\n                                        Viele M\u00f6glichkeiten f\u00fcr Eckverbindungen                                    <\/li>\n                                                                    <li class=\"product-details__wrapper-col-item-list-item\">\n                                        verschiedene Varianten der W\u00e4rmed\u00e4mmung, je nach den verwendeten D\u00e4mmstoffen: PE78N+, PE78NHI                                    <\/li>\n                                                                    <li class=\"product-details__wrapper-col-item-list-item\">\n                                        M\u00f6glichkeit, viele Fenstervarianten zu erstellen, z. B. Dreh-Kipp-Fenster, nach au\u00dfen \u00f6ffnende Fenster, verdeckte Fl\u00fcgel usw.                                    <\/li>\n                                                            <\/ul>\n                                            <\/div>\n                <\/div>\n                    <\/div>\n    <\/section>\n","protected":false},"excerpt":{"rendered":"<p>System mit dreikammeriger Profilkonstruktion mit Euro-Standard-Beschlagnut und Beschlagnut f\u00fcr Fenster und Balkont\u00fcren aus PVC- oder Holzprofilen.<\/p>\n","protected":false},"author":1,"featured_media":3141,"menu_order":0,"comment_status":"open","ping_status":"open","template":"","format":"standard","meta":{"_acf_changed":false,"footnotes":""},"product_category":[136,134],"class_list":["post-3152","product","type-product","status-publish","format-standard","has-post-thumbnail","hentry","product_category-aluminium-de-3","product_category-fenster"],"acf":[],"_links":{"self":[{"href":"https:\/\/bewi.com.pl\/de\/wp-json\/wp\/v2\/product\/3152","targetHints":{"allow":["GET"]}}],"collection":[{"href":"https:\/\/bewi.com.pl\/de\/wp-json\/wp\/v2\/product"}],"about":[{"href":"https:\/\/bewi.com.pl\/de\/wp-json\/wp\/v2\/types\/product"}],"author":[{"embeddable":true,"href":"https:\/\/bewi.com.pl\/de\/wp-json\/wp\/v2\/users\/1"}],"replies":[{"embeddable":true,"href":"https:\/\/bewi.com.pl\/de\/wp-json\/wp\/v2\/comments?post=3152"}],"version-history":[{"count":1,"href":"https:\/\/bewi.com.pl\/de\/wp-json\/wp\/v2\/product\/3152\/revisions"}],"predecessor-version":[{"id":3156,"href":"https:\/\/bewi.com.pl\/de\/wp-json\/wp\/v2\/product\/3152\/revisions\/3156"}],"wp:featuredmedia":[{"embeddable":true,"href":"https:\/\/bewi.com.pl\/de\/wp-json\/wp\/v2\/media\/3141"}],"wp:attachment":[{"href":"https:\/\/bewi.com.pl\/de\/wp-json\/wp\/v2\/media?parent=3152"}],"wp:term":[{"taxonomy":"product_category","embeddable":true,"href":"https:\/\/bewi.com.pl\/de\/wp-json\/wp\/v2\/product_category?post=3152"}],"curies":[{"name":"wp","href":"https:\/\/api.w.org\/{rel}","templated":true}]}}