{"id":3248,"date":"2025-11-05T10:21:15","date_gmt":"2025-11-05T09:21:15","guid":{"rendered":"https:\/\/bewi.com.pl\/produkt\/pe78-fold-drzwi-harmonijkowe\/"},"modified":"2025-11-05T10:26:10","modified_gmt":"2025-11-05T09:26:10","slug":"pe78-fold-falttueren","status":"publish","type":"product","link":"https:\/\/bewi.com.pl\/de\/produkt\/pe78-fold-falttueren\/","title":{"rendered":"PE78 FOLD &#8211; Faltt\u00fcren"},"content":{"rendered":"\n    <section class=\"product-details wp-block-uniquedevs-product-details\">\n        <div class=\"product-details__wrapper product-details__wrapper--1\">\n                            <div class=\"product-details__wrapper-col full-width\">\n                    <div class=\"product-details__wrapper-col-item\">\n                                                    <div class=\"product-details__wrapper-col-item-subtitle\">\n                                PE78                            <\/div>\n                                                <div class=\"product-details__wrapper-col-item-top\">\n                                                            <div class=\"product-details__wrapper-col-item-top-title\">\n                                    FOLD &#8211; Faltt\u00fcren                                <\/div>\n                                                                                        <a href=\"https:\/\/bewi.com.pl\/wp-content\/uploads\/2025\/11\/PROCURAL_PE78FOLD_prospekt.pdf\" class=\"product-details__wrapper-col-item-top-button\" target=\"_blank\">\n                                    <div class=\"product-details__wrapper-col-item-top-button-text\">\n                                        Herunterladen                                    <\/div>\n                                    <div class=\"product-details__wrapper-col-item-top-button-icon\">\n                                        <img decoding=\"async\" src=\"https:\/\/bewi.com.pl\/wp-content\/uploads\/2025\/05\/pdf.svg\" alt=\"\">\n                                    <\/div>\n                                <\/a>\n                                                    <\/div>\n                                                                                                    <ul class=\"product-details__wrapper-col-item-list\">\n                                                                    <li class=\"product-details__wrapper-col-item-list-item\">\n                                        M\u00f6glichkeit der Herstellung einer mehrfl\u00fcgeligen Konstruktion, die sowohl nach innen als auch nach au\u00dfen ge\u00f6ffnet werden kann                                    <\/li>\n                                                                    <li class=\"product-details__wrapper-col-item-list-item\">\n                                        Die Dreikammerkonstruktion gew\u00e4hrleistet eine hohe Festigkeit der Profile und erm\u00f6glicht die Herstellung von Konstruktionen mit gro\u00dfen Abmessungen (L \u2264 1200 mm oder H \u2264 3500 mm bei einem maximalen Fl\u00fcgelgewicht von 120 kg)                                    <\/li>\n                                                                    <li class=\"product-details__wrapper-col-item-list-item\">\n                                        hohe W\u00e4rmed\u00e4mmung durch den Einsatz von thermischen Trennprofilen mit einer einheitlichen Breite von 34 mm sowohl f\u00fcr Rahmen als auch f\u00fcr Fl\u00fcgel                                    <\/li>\n                                                                    <li class=\"product-details__wrapper-col-item-list-item\">\n                                        Spezialbeschl\u00e4ge sorgen f\u00fcr eine komfortable Bedienung.                                    <\/li>\n                                                                    <li class=\"product-details__wrapper-col-item-list-item\">\n                                        Der gro\u00dfe Verglasungsbereich von 22 bis 60 mm erm\u00f6glicht die freie Verwendung von traditionellen und speziellen Verglasungspaketen.                                    <\/li>\n                                                                    <li class=\"product-details__wrapper-col-item-list-item\">\n                                        Gro\u00dfe Freiheit bei der Auswahl der Schwellenl\u00f6sung.                                    <\/li>\n                                                                    <li class=\"product-details__wrapper-col-item-list-item\">\n                                        Kombinierbar mit anderen PROCURAL PE78N\u00ad\u00ad\u00ad-L\u00f6sungen.                                    <\/li>\n                                                                    <li class=\"product-details__wrapper-col-item-list-item\">\n                                        zus\u00e4tzliches Ausgleichsprofil:<br>&#8211; gleicht eventuelle Ungenauigkeiten bei der Herstellung und Montage aus<br>&#8211; erm\u00f6glicht die Regulierung und Reduzierung von Spannungen unabh\u00e4ngig von den \u00e4u\u00dferen Bedingungen<br>&#8211; Einstellbereich 0-5 mm<br>&#8211; empfohlen f\u00fcr sehr breite Konstruktionen                                    <\/li>\n                                                            <\/ul>\n                                            <\/div>\n                <\/div>\n                    <\/div>\n    <\/section>\n","protected":false},"excerpt":{"rendered":"<p>Die ideale L\u00f6sung f\u00fcr H\u00e4user, Restaurants oder Caf\u00e9s, die den Innen- und Au\u00dfenbereich miteinander verbindet.<\/p>\n","protected":false},"author":1,"featured_media":3245,"menu_order":0,"comment_status":"open","ping_status":"open","template":"","format":"standard","meta":{"_acf_changed":false,"footnotes":""},"product_category":[99],"class_list":["post-3248","product","type-product","status-publish","format-standard","has-post-thumbnail","hentry","product_category-tueren"],"acf":[],"_links":{"self":[{"href":"https:\/\/bewi.com.pl\/de\/wp-json\/wp\/v2\/product\/3248","targetHints":{"allow":["GET"]}}],"collection":[{"href":"https:\/\/bewi.com.pl\/de\/wp-json\/wp\/v2\/product"}],"about":[{"href":"https:\/\/bewi.com.pl\/de\/wp-json\/wp\/v2\/types\/product"}],"author":[{"embeddable":true,"href":"https:\/\/bewi.com.pl\/de\/wp-json\/wp\/v2\/users\/1"}],"replies":[{"embeddable":true,"href":"https:\/\/bewi.com.pl\/de\/wp-json\/wp\/v2\/comments?post=3248"}],"version-history":[{"count":1,"href":"https:\/\/bewi.com.pl\/de\/wp-json\/wp\/v2\/product\/3248\/revisions"}],"predecessor-version":[{"id":3252,"href":"https:\/\/bewi.com.pl\/de\/wp-json\/wp\/v2\/product\/3248\/revisions\/3252"}],"wp:featuredmedia":[{"embeddable":true,"href":"https:\/\/bewi.com.pl\/de\/wp-json\/wp\/v2\/media\/3245"}],"wp:attachment":[{"href":"https:\/\/bewi.com.pl\/de\/wp-json\/wp\/v2\/media?parent=3248"}],"wp:term":[{"taxonomy":"product_category","embeddable":true,"href":"https:\/\/bewi.com.pl\/de\/wp-json\/wp\/v2\/product_category?post=3248"}],"curies":[{"name":"wp","href":"https:\/\/api.w.org\/{rel}","templated":true}]}}