{"id":3263,"date":"2025-11-05T10:29:45","date_gmt":"2025-11-05T09:29:45","guid":{"rendered":"https:\/\/bewi.com.pl\/produkt\/pe78nhi-drzwi-z-doszczelnieniem-centralnym\/"},"modified":"2025-11-05T10:38:36","modified_gmt":"2025-11-05T09:38:36","slug":"pe78nhi-tueren-mit-zentraler-abdichtung","status":"publish","type":"product","link":"https:\/\/bewi.com.pl\/de\/produkt\/pe78nhi-tueren-mit-zentraler-abdichtung\/","title":{"rendered":"PE78NHI &#8211; T\u00fcren mit zentraler Abdichtung"},"content":{"rendered":"\n    <section class=\"product-details wp-block-uniquedevs-product-details\">\n        <div class=\"product-details__wrapper product-details__wrapper--1\">\n                            <div class=\"product-details__wrapper-col full-width\">\n                    <div class=\"product-details__wrapper-col-item\">\n                                                    <div class=\"product-details__wrapper-col-item-subtitle\">\n                                PE78NHI                            <\/div>\n                                                <div class=\"product-details__wrapper-col-item-top\">\n                                                            <div class=\"product-details__wrapper-col-item-top-title\">\n                                    T\u00fcren mit zentraler Abdichtung                                <\/div>\n                                                                                        <a href=\"https:\/\/bewi.com.pl\/wp-content\/uploads\/2025\/11\/PROCURAL_PE78N_78NHI_drzwi_prospekt.pdf\" class=\"product-details__wrapper-col-item-top-button\" target=\"_blank\">\n                                    <div class=\"product-details__wrapper-col-item-top-button-text\">\n                                        Herunterladen                                    <\/div>\n                                    <div class=\"product-details__wrapper-col-item-top-button-icon\">\n                                        <img decoding=\"async\" src=\"https:\/\/bewi.com.pl\/wp-content\/uploads\/2025\/05\/pdf.svg\" alt=\"\">\n                                    <\/div>\n                                <\/a>\n                                                    <\/div>\n                                                                                                    <ul class=\"product-details__wrapper-col-item-list\">\n                                                                    <li class=\"product-details__wrapper-col-item-list-item\">\n                                        Die Dichtung wird an einer speziellen Unterlegscheibe befestigt (auch in einer bimetallischen Version erh\u00e4ltlich).                                    <\/li>\n                                                                    <li class=\"product-details__wrapper-col-item-list-item\">\n                                        Verwendung spezieller Eckstopfen (dichten die Verbindung ab und erleichtern die Montage) zur Verbindung der Dichtungen in den Ecken.                                    <\/li>\n                                                                    <li class=\"product-details__wrapper-col-item-list-item\">\n                                        Neue \u00e4u\u00dfere Schlie\u00dfdichtung mit gro\u00dfem Arbeitsbereich, wodurch Ausf\u00fchrungs- und Montagefehler der Konstruktion ausgeglichen werden.                                    <\/li>\n                                                                    <li class=\"product-details__wrapper-col-item-list-item\">\n                                        Glasleisten f\u00fcr Euro-Nut                                    <\/li>\n                                                                    <li class=\"product-details__wrapper-col-item-list-item\">\n                                        M\u00f6glichkeit der Herstellung von Konstruktionen mit gro\u00dfen Abmessungen                                    <\/li>\n                                                                    <li class=\"product-details__wrapper-col-item-list-item\">\n                                        profilierte thermische Trennlagen                                    <\/li>\n                                                                    <li class=\"product-details__wrapper-col-item-list-item\">\n                                        T\u00fcrfl\u00fcgel b\u00fcndig mit dem T\u00fcrrahmen                                    <\/li>\n                                                                    <li class=\"product-details__wrapper-col-item-list-item\">\n                                        speziell entwickelte kompatible Profile, die die Verbindung von T\u00fcr und Schaufenster erm\u00f6glichen                                    <\/li>\n                                                                    <li class=\"product-details__wrapper-col-item-list-item\">\n                                        viele M\u00f6glichkeiten der Eckverbindungen                                    <\/li>\n                                                            <\/ul>\n                                            <\/div>\n                <\/div>\n                    <\/div>\n    <\/section>\n","protected":false},"excerpt":{"rendered":"<p>Wariant systemu PROCURAL PE78NHI wzbogacony o dodatkowe uszczelki centralne, dzi\u0119ki kt\u00f3rym osi\u0105ga jeszcze lepsze parametry wodoszczelno\u015bci oraz izolacyjno\u015bci termicznej<\/p>\n","protected":false},"author":1,"featured_media":3256,"menu_order":0,"comment_status":"open","ping_status":"open","template":"","format":"standard","meta":{"_acf_changed":false,"footnotes":""},"product_category":[99],"class_list":["post-3263","product","type-product","status-publish","format-standard","has-post-thumbnail","hentry","product_category-tueren"],"acf":[],"_links":{"self":[{"href":"https:\/\/bewi.com.pl\/de\/wp-json\/wp\/v2\/product\/3263","targetHints":{"allow":["GET"]}}],"collection":[{"href":"https:\/\/bewi.com.pl\/de\/wp-json\/wp\/v2\/product"}],"about":[{"href":"https:\/\/bewi.com.pl\/de\/wp-json\/wp\/v2\/types\/product"}],"author":[{"embeddable":true,"href":"https:\/\/bewi.com.pl\/de\/wp-json\/wp\/v2\/users\/1"}],"replies":[{"embeddable":true,"href":"https:\/\/bewi.com.pl\/de\/wp-json\/wp\/v2\/comments?post=3263"}],"version-history":[{"count":3,"href":"https:\/\/bewi.com.pl\/de\/wp-json\/wp\/v2\/product\/3263\/revisions"}],"predecessor-version":[{"id":3269,"href":"https:\/\/bewi.com.pl\/de\/wp-json\/wp\/v2\/product\/3263\/revisions\/3269"}],"wp:featuredmedia":[{"embeddable":true,"href":"https:\/\/bewi.com.pl\/de\/wp-json\/wp\/v2\/media\/3256"}],"wp:attachment":[{"href":"https:\/\/bewi.com.pl\/de\/wp-json\/wp\/v2\/media?parent=3263"}],"wp:term":[{"taxonomy":"product_category","embeddable":true,"href":"https:\/\/bewi.com.pl\/de\/wp-json\/wp\/v2\/product_category?post=3263"}],"curies":[{"name":"wp","href":"https:\/\/api.w.org\/{rel}","templated":true}]}}